{"id":229,"date":"2023-11-29T22:21:33","date_gmt":"2023-11-29T15:21:33","guid":{"rendered":"https:\/\/agirindonesie.com\/?page_id=229"},"modified":"2025-03-25T18:18:45","modified_gmt":"2025-03-25T11:18:45","slug":"contact","status":"publish","type":"page","link":"https:\/\/agirindonesie.com\/fr\/contact\/","title":{"rendered":"CONTACT"},"content":{"rendered":"<div data-elementor-type=\"wp-page\" data-elementor-id=\"229\" class=\"elementor elementor-229\" data-elementor-post-type=\"page\">\n\t\t\t\t<div class=\"elementor-element elementor-element-35eaaac animated-slow e-flex e-con-boxed elementor-invisible e-con e-parent\" data-id=\"35eaaac\" data-element_type=\"container\" data-settings=\"{&quot;animation&quot;:&quot;fadeInUp&quot;}\">\n\t\t\t\t\t<div class=\"e-con-inner\">\n\t\t<div class=\"elementor-element elementor-element-3819c48 e-con-full e-flex e-con e-child\" data-id=\"3819c48\" data-element_type=\"container\" data-settings=\"{&quot;background_background&quot;:&quot;classic&quot;}\">\n\t\t\t\t<div class=\"elementor-element elementor-element-e6b4ecf elementor-widget elementor-widget-image\" data-id=\"e6b4ecf\" data-element_type=\"widget\" data-widget_type=\"image.default\">\n\t\t\t\t<div class=\"elementor-widget-container\">\n\t\t\t\t\t\t\t\t\t\t\t\t\t\t\t<img fetchpriority=\"high\" decoding=\"async\" width=\"1024\" height=\"1024\" src=\"https:\/\/agirindonesie.com\/wp-content\/uploads\/2023\/11\/Snapinsta.app_280092083_528640212238921_3023094565118964994_n_1080-1-1024x1024.jpg\" class=\"attachment-large size-large wp-image-629\" alt=\"\" srcset=\"https:\/\/agirindonesie.com\/wp-content\/uploads\/2023\/11\/Snapinsta.app_280092083_528640212238921_3023094565118964994_n_1080-1-1024x1024.jpg 1024w, https:\/\/agirindonesie.com\/wp-content\/uploads\/2023\/11\/Snapinsta.app_280092083_528640212238921_3023094565118964994_n_1080-1-300x300.jpg 300w, https:\/\/agirindonesie.com\/wp-content\/uploads\/2023\/11\/Snapinsta.app_280092083_528640212238921_3023094565118964994_n_1080-1-150x150.jpg 150w, https:\/\/agirindonesie.com\/wp-content\/uploads\/2023\/11\/Snapinsta.app_280092083_528640212238921_3023094565118964994_n_1080-1-768x768.jpg 768w, https:\/\/agirindonesie.com\/wp-content\/uploads\/2023\/11\/elementor\/thumbs\/Snapinsta.app_280092083_528640212238921_3023094565118964994_n_1080-1-qg42osjpqhf6w0t7kgv2o4bdpudew9ll3h7nsxevm0.jpg 500w, https:\/\/agirindonesie.com\/wp-content\/uploads\/2023\/11\/Snapinsta.app_280092083_528640212238921_3023094565118964994_n_1080-1.jpg 1080w\" sizes=\"(max-width: 1024px) 100vw, 1024px\" \/>\t\t\t\t\t\t\t\t\t\t\t\t\t\t\t<\/div>\n\t\t\t\t<\/div>\n\t\t\t\t<\/div>\n\t\t<div class=\"elementor-element elementor-element-d427fc7 e-con-full e-flex e-con e-child\" data-id=\"d427fc7\" data-element_type=\"container\">\n\t\t<div class=\"elementor-element elementor-element-d870abf e-flex e-con-boxed e-con e-child\" data-id=\"d870abf\" data-element_type=\"container\">\n\t\t\t\t\t<div class=\"e-con-inner\">\n\t\t\t\t<div class=\"elementor-element elementor-element-d0d3907 elementor-widget__width-initial elementor-widget elementor-widget-bdt-contact-form\" data-id=\"d0d3907\" data-element_type=\"widget\" data-widget_type=\"bdt-contact-form.default\">\n\t\t\t\t<div class=\"elementor-widget-container\">\n\t\t\t\t\t\t\t<div class=\"bdt-contact-form bdt-contact-form-skin-default\">\n\t\t\t<div class=\"elementor-form-fields-wrapper\">\n\t\t\t\t\t\t<div class=\"bdt-contact-form-wrapper\">\n\t\t\t<form class=\"bdt-contact-form-form bdt-form-stacked bdt-grid bdt-grid-small without-recaptcha\" data-bdt-grid=\"\" action=\"https:\/\/agirindonesie.com\/wp-admin\/admin-ajax.php\" method=\"post\">\n\n\t\t\t\t\n\t\t\t\t\t<div class=\"bdt-field-group elementor-field-required bdt-width-1-1\">\n\t\t\t\t\t\t<label for=\"user_named0d3907\" class=\"bdt-form-label\">Name*<\/label><div class=\"bdt-form-controls\"><input type=\"text\" name=\"name\" id=\"user_named0d3907\" placeholder=\"Your Name\" class=\"bdt-input bdt-form-default\" required =\"required\"><\/div>\t\t\t\t\t<\/div>\n\n\t\t\t\t\t<div class=\"bdt-field-group elementor-field-required bdt-width-1-1\">\n\t\t\t\t\t\t<label for=\"emaild0d3907\" class=\"bdt-form-label\">Email*<\/label><div class=\"bdt-form-controls\"><input type=\"email\" name=\"email\" id=\"emaild0d3907\" placeholder=\"example@email.com\" class=\"bdt-input bdt-form-default\" required=\"required\"><\/div>\t\t\t\t\t<\/div>\n\n\t\t\t\t\t\n\t\t\t\t\t\t\t\t\t\t\t<div class=\"bdt-field-group bdt-width-1-1 elementor-field-required\">\n\t\t\t\t\t\t\t<label for=\"subjectd0d3907\" class=\"bdt-form-label\">Subject*<\/label><div class=\"bdt-form-controls\"><input type=\"text\" name=\"subject\" id=\"subjectd0d3907\" placeholder=\"Your Message Subject\" class=\"bdt-input bdt-form-default\" required=\"required\"><\/div>\t\t\t\t\t\t<\/div>\n\t\t\t\t\t\n\t\t\t\t\t\n\t\t\t\t\t\t\t\t\t\t\t<div class=\"bdt-field-group bdt-width-1-1 elementor-field-required\">\n\t\t\t\t\t\t\t<label for=\"messaged0d3907\" class=\"bdt-form-label\">Your Message*<\/label><div class=\"bdt-form-controls\"><textarea name=\"message\" id=\"messaged0d3907\" rows=\"5\" placeholder=\"Your Message Here\" class=\"bdt-textarea bdt-form-default\" required=\"required\"><\/textarea><\/div>\t\t\t\t\t\t<\/div>\n\t\t\t\t\t\n\t\t\t\t\t\n\n\t\t\t\t\t\n\t\t\t\t\t\n\t\t\t\t\t<input type=\"hidden\" class=\"widget_id\" name=\"widget_id\" value=\"d0d3907\" \/>\n\t\t\t\t\t<input type=\"hidden\" name=\"bdt-sf-d0d3907\" value=\"true\" \/>\n\t\t\t\t\t<input type=\"hidden\" class=\"page_id\" name=\"page_id\" value=\"229\" \/>\n\n\t\t\t\t\t<div class=\"elementor-field-type-submit bdt-field-group bdt-flex bdt-width-1-1\">\n\t\t\t\t\t\t<button type=\"submit\" class=\"elementor-button bdt-button bdt-button-primary\" name=\"submit\">\n\t\t\t\t\t\t\t\t\t\t\t\t\t\t\t<span>\n\t\t\t\t\t\t\t\t\tEnvoyer un message\t\t\t\t\t\t\t\t<\/span>\n\t\t\t\t\t\t\t\t\t\t\t\t\t<\/button>\n\t\t\t\t\t<\/div>\n\n\t\t\t\t\t<input name=\"_wpnonce\" value=\"a3a0847a84\" type=\"hidden\">\n\t\t\t\t\t\n\t\t\t\t\t\t\t\t\t\t\n\n\t\t\t\t\t<input type=\"hidden\" name=\"action\" value=\"element_pack_contact_form\" \/>\n\n\t\t\t\t\t\n\t\t\t<\/form>\n\t\t<\/div>\n\t\t\t\t\t<\/div>\n\t\t<\/div>\n\t\t\t\t\t\t<\/div>\n\t\t\t\t<\/div>\n\t\t\t\t\t<\/div>\n\t\t\t\t<\/div>\n\t\t\t\t<\/div>\n\t\t\t\t\t<\/div>\n\t\t\t\t<\/div>\n\t\t<div class=\"elementor-element elementor-element-0f846a6 animated-slow e-flex e-con-boxed elementor-invisible e-con e-parent\" data-id=\"0f846a6\" data-element_type=\"container\" data-settings=\"{&quot;animation&quot;:&quot;fadeInUp&quot;}\">\n\t\t\t\t\t<div class=\"e-con-inner\">\n\t\t\t\t<div class=\"elementor-element elementor-element-2f51157 elementor-widget elementor-widget-heading\" data-id=\"2f51157\" data-element_type=\"widget\" data-widget_type=\"heading.default\">\n\t\t\t\t<div class=\"elementor-widget-container\">\n\t\t\t\t\t<h6 class=\"elementor-heading-title elementor-size-default\">INFORMATIONS DE CONTACT<\/h6>\t\t\t\t<\/div>\n\t\t\t\t<\/div>\n\t\t\t\t\t<\/div>\n\t\t\t\t<\/div>\n\t\t<div class=\"elementor-element elementor-element-e725d57 e-flex e-con-boxed e-con e-parent\" data-id=\"e725d57\" data-element_type=\"container\">\n\t\t\t\t\t<div class=\"e-con-inner\">\n\t\t<div class=\"elementor-element elementor-element-edb1220 e-con-full e-flex e-con e-child\" data-id=\"edb1220\" data-element_type=\"container\">\n\t\t\t\t<div class=\"elementor-element elementor-element-2ff0248 elementor-widget elementor-widget-heading\" data-id=\"2ff0248\" data-element_type=\"widget\" data-widget_type=\"heading.default\">\n\t\t\t\t<div class=\"elementor-widget-container\">\n\t\t\t\t\t<h5 class=\"elementor-heading-title elementor-size-default\">FRANCE &amp; EUROPE<\/h5>\t\t\t\t<\/div>\n\t\t\t\t<\/div>\n\t\t\t\t<div class=\"elementor-element elementor-element-5f8c08a elementor-widget elementor-widget-heading\" data-id=\"5f8c08a\" data-element_type=\"widget\" data-widget_type=\"heading.default\">\n\t\t\t\t<div class=\"elementor-widget-container\">\n\t\t\t\t\t<h6 class=\"elementor-heading-title elementor-size-default\">AGIR INDONESIE<\/h6>\t\t\t\t<\/div>\n\t\t\t\t<\/div>\n\t\t\t\t<div class=\"elementor-element elementor-element-9c1099a elementor-widget__width-initial elementor-widget-mobile__width-initial elementor-widget-tablet__width-initial elementor-widget elementor-widget-text-editor\" data-id=\"9c1099a\" data-element_type=\"widget\" data-widget_type=\"text-editor.default\">\n\t\t\t\t<div class=\"elementor-widget-container\">\n\t\t\t\t\t\t\t\t\t<p><strong>St\u00e9phane Suchetet ( C.E.O )<\/strong><\/p><p>10 rue du Close Fourr\u00e9 -Collin\u00e9e &#8211; 22330 LE MEN\u00c9<\/p><p>Tel : +33.7.72.02.34.65<\/p><p>Wa : +6281.338.960.557<\/p><p>E-mail : management@agirindonesie.com<\/p>\t\t\t\t\t\t\t\t<\/div>\n\t\t\t\t<\/div>\n\t\t\t\t<\/div>\n\t\t<div class=\"elementor-element elementor-element-85ef674 e-con-full e-flex e-con e-child\" data-id=\"85ef674\" data-element_type=\"container\">\n\t\t\t\t<div class=\"elementor-element elementor-element-f69a298 elementor-widget elementor-widget-google_maps\" data-id=\"f69a298\" data-element_type=\"widget\" data-widget_type=\"google_maps.default\">\n\t\t\t\t<div class=\"elementor-widget-container\">\n\t\t\t\t\t\t\t<div class=\"elementor-custom-embed\">\n\t\t\t<iframe loading=\"lazy\"\n\t\t\t\t\tsrc=\"https:\/\/maps.google.com\/maps?q=10%20rue%20du%20clos%20fourr%C3%A9%20le%20men%C3%A9&#038;t=m&#038;z=16&#038;output=embed&#038;iwloc=near\"\n\t\t\t\t\ttitle=\"10 rue du clos fourr\u00e9 le men\u00e9\"\n\t\t\t\t\taria-label=\"10 rue du clos fourr\u00e9 le men\u00e9\"\n\t\t\t><\/iframe>\n\t\t<\/div>\n\t\t\t\t\t\t<\/div>\n\t\t\t\t<\/div>\n\t\t\t\t<\/div>\n\t\t\t\t\t<\/div>\n\t\t\t\t<\/div>\n\t\t<div class=\"elementor-element elementor-element-eb2a034 e-flex e-con-boxed e-con e-parent\" data-id=\"eb2a034\" data-element_type=\"container\">\n\t\t\t\t\t<div class=\"e-con-inner\">\n\t\t<div class=\"elementor-element elementor-element-bd73d80 e-con-full e-flex e-con e-child\" data-id=\"bd73d80\" data-element_type=\"container\">\n\t\t\t\t<div class=\"elementor-element elementor-element-b0116a5 elementor-widget elementor-widget-heading\" data-id=\"b0116a5\" data-element_type=\"widget\" data-widget_type=\"heading.default\">\n\t\t\t\t<div class=\"elementor-widget-container\">\n\t\t\t\t\t<h6 class=\"elementor-heading-title elementor-size-default\">INDONESIA<\/h6>\t\t\t\t<\/div>\n\t\t\t\t<\/div>\n\t\t\t\t<div class=\"elementor-element elementor-element-c5ca872 elementor-widget__width-initial elementor-widget elementor-widget-heading\" data-id=\"c5ca872\" data-element_type=\"widget\" data-widget_type=\"heading.default\">\n\t\t\t\t<div class=\"elementor-widget-container\">\n\t\t\t\t\t<h6 class=\"elementor-heading-title elementor-size-default\">P.T. SAHARA FAJARINDO (Branch Bali)<\/h6>\t\t\t\t<\/div>\n\t\t\t\t<\/div>\n\t\t\t\t<div class=\"elementor-element elementor-element-5b67ff3 elementor-widget__width-initial elementor-widget elementor-widget-text-editor\" data-id=\"5b67ff3\" data-element_type=\"widget\" data-widget_type=\"text-editor.default\">\n\t\t\t\t<div class=\"elementor-widget-container\">\n\t\t\t\t\t\t\t\t\t<p><strong>Ni Luh Putu Darmiyani ( Director )<\/strong><\/p><p>JL. Moh. Hatta, LC. Subak Aya<\/p><p>80614 BEBALANG BANGLI BALI<\/p><p>Tel : 03.66.55.1.000.3<\/p><p>Wa : +62 813-3873-2544<\/p><p>E-mail : recruitment@agirindonesie.com<\/p>\t\t\t\t\t\t\t\t<\/div>\n\t\t\t\t<\/div>\n\t\t\t\t<\/div>\n\t\t<div class=\"elementor-element elementor-element-327acb8 e-con-full e-flex e-con e-child\" data-id=\"327acb8\" data-element_type=\"container\">\n\t\t\t\t<div class=\"elementor-element elementor-element-99827f6 elementor-widget elementor-widget-google_maps\" data-id=\"99827f6\" data-element_type=\"widget\" data-widget_type=\"google_maps.default\">\n\t\t\t\t<div class=\"elementor-widget-container\">\n\t\t\t\t\t\t\t<div class=\"elementor-custom-embed\">\n\t\t\t<iframe loading=\"lazy\"\n\t\t\t\t\tsrc=\"https:\/\/maps.google.com\/maps?q=TLC%20Bangli%20%28Kampus%20Perhotelan%20dan%20Kapal%20Pesiar%29&#038;t=m&#038;z=12&#038;output=embed&#038;iwloc=near\"\n\t\t\t\t\ttitle=\"TLC Bangli (Kampus Perhotelan dan Kapal Pesiar)\"\n\t\t\t\t\taria-label=\"TLC Bangli (Kampus Perhotelan dan Kapal Pesiar)\"\n\t\t\t><\/iframe>\n\t\t<\/div>\n\t\t\t\t\t\t<\/div>\n\t\t\t\t<\/div>\n\t\t\t\t<\/div>\n\t\t\t\t\t<\/div>\n\t\t\t\t<\/div>\n\t\t<div class=\"elementor-element elementor-element-02e2960 e-con-full e-flex e-con e-parent\" data-id=\"02e2960\" data-element_type=\"container\">\n\t\t\t\t<div class=\"elementor-element elementor-element-244845f elementor-widget elementor-widget-text-editor\" data-id=\"244845f\" data-element_type=\"widget\" data-widget_type=\"text-editor.default\">\n\t\t\t\t<div class=\"elementor-widget-container\">\n\t\t\t\t\t\t\t\t\t<p><strong>Envoyez votre CV \u00e0<\/strong><\/p>\t\t\t\t\t\t\t\t<\/div>\n\t\t\t\t<\/div>\n\t\t\t\t<div class=\"elementor-element elementor-element-e3d1cff elementor-widget elementor-widget-text-editor\" data-id=\"e3d1cff\" data-element_type=\"widget\" data-widget_type=\"text-editor.default\">\n\t\t\t\t<div class=\"elementor-widget-container\">\n\t\t\t\t\t\t\t\t\t<p>recruitment@agirindonesie.com<\/p>\t\t\t\t\t\t\t\t<\/div>\n\t\t\t\t<\/div>\n\t\t\t\t<\/div>\n\t\t\t\t<\/div>","protected":false},"excerpt":{"rendered":"<p>Name* Email* Subject* Your Message* Send Message CONTACT INFORMATION FRANCE &amp; EUROPE AGIR INDONESIE St\u00e9phane Suchetet ( C.E.O ) 10 rue du Close Fourr\u00e9 -Collin\u00e9e &#8211; 22330 LE MEN\u00c9 Tel : +33.7.72.02.34.65 Wa : +6281.338.960.557 E-mail : management@agirindonesie.com INDONESIA P.T. SAHARA FAJARINDO (Branch Bali) Ni Luh Putu Darmiyani ( Director ) JL. Moh. Hatta, LC. [&hellip;]<\/p>","protected":false},"author":1,"featured_media":0,"parent":0,"menu_order":0,"comment_status":"closed","ping_status":"closed","template":"elementor_header_footer","meta":{"footnotes":""},"class_list":["post-229","page","type-page","status-publish","hentry"],"blocksy_meta":[],"_links":{"self":[{"href":"https:\/\/agirindonesie.com\/fr\/wp-json\/wp\/v2\/pages\/229","targetHints":{"allow":["GET"]}}],"collection":[{"href":"https:\/\/agirindonesie.com\/fr\/wp-json\/wp\/v2\/pages"}],"about":[{"href":"https:\/\/agirindonesie.com\/fr\/wp-json\/wp\/v2\/types\/page"}],"author":[{"embeddable":true,"href":"https:\/\/agirindonesie.com\/fr\/wp-json\/wp\/v2\/users\/1"}],"replies":[{"embeddable":true,"href":"https:\/\/agirindonesie.com\/fr\/wp-json\/wp\/v2\/comments?post=229"}],"version-history":[{"count":313,"href":"https:\/\/agirindonesie.com\/fr\/wp-json\/wp\/v2\/pages\/229\/revisions"}],"predecessor-version":[{"id":4091,"href":"https:\/\/agirindonesie.com\/fr\/wp-json\/wp\/v2\/pages\/229\/revisions\/4091"}],"wp:attachment":[{"href":"https:\/\/agirindonesie.com\/fr\/wp-json\/wp\/v2\/media?parent=229"}],"curies":[{"name":"wp","href":"https:\/\/api.w.org\/{rel}","templated":true}]}}