{"id":189,"date":"2023-11-29T21:42:47","date_gmt":"2023-11-29T14:42:47","guid":{"rendered":"https:\/\/agirindonesie.com\/?page_id=189"},"modified":"2024-01-22T16:41:10","modified_gmt":"2024-01-22T09:41:10","slug":"cv-interviewa-tips","status":"publish","type":"page","link":"https:\/\/agirindonesie.com\/fr\/cv-interviewa-tips\/","title":{"rendered":"Conseils pour les CV et les entretiens"},"content":{"rendered":"<div data-elementor-type=\"wp-page\" data-elementor-id=\"189\" class=\"elementor elementor-189\" data-elementor-post-type=\"page\">\n\t\t\t\t<div class=\"elementor-element elementor-element-03c13c2 e-con-full animated-slow e-flex e-con e-parent\" data-id=\"03c13c2\" data-element_type=\"container\" data-settings=\"{&quot;background_background&quot;:&quot;classic&quot;,&quot;animation&quot;:&quot;none&quot;}\">\n\t\t\t\t<div class=\"elementor-element elementor-element-0a7b8f0 animated-slow elementor-invisible elementor-widget elementor-widget-heading\" data-id=\"0a7b8f0\" data-element_type=\"widget\" data-settings=\"{&quot;_animation&quot;:&quot;fadeInUp&quot;}\" data-widget_type=\"heading.default\">\n\t\t\t\t<div class=\"elementor-widget-container\">\n\t\t\t\t\t<h2 class=\"elementor-heading-title elementor-size-medium\">CONSEILS POUR LES CV ET LES ENTRETIENS<\/h2>\t\t\t\t<\/div>\n\t\t\t\t<\/div>\n\t\t\t\t<\/div>\n\t\t<div class=\"elementor-element elementor-element-2640293 e-con-full animated-slow e-flex e-con e-parent\" data-id=\"2640293\" data-element_type=\"container\" data-settings=\"{&quot;background_background&quot;:&quot;classic&quot;,&quot;animation&quot;:&quot;none&quot;}\">\n\t\t\t\t<\/div>\n\t\t<div class=\"elementor-element elementor-element-4c1762d e-flex e-con-boxed e-con e-parent\" data-id=\"4c1762d\" data-element_type=\"container\">\n\t\t\t\t\t<div class=\"e-con-inner\">\n\t\t\t\t<div class=\"elementor-element elementor-element-f01cad8 elementor-widget-mobile__width-initial animated-slow elementor-invisible elementor-widget elementor-widget-text-editor\" data-id=\"f01cad8\" data-element_type=\"widget\" data-settings=\"{&quot;_animation&quot;:&quot;fadeInUp&quot;}\" data-widget_type=\"text-editor.default\">\n\t\t\t\t<div class=\"elementor-widget-container\">\n\t\t\t\t\t\t\t\t\t<p>L'entretien est toujours l'\u00e9tape la plus importante du processus de recrutement. Il peut sembler de bon sens d'\u00eatre bien pr\u00e9par\u00e9, mais tant de candidats commettent l'erreur fatale de ne pas \u00eatre bien pr\u00e9par\u00e9s avant de se pr\u00e9senter \u00e0 un entretien.<\/p>\t\t\t\t\t\t\t\t<\/div>\n\t\t\t\t<\/div>\n\t\t\t\t\t<\/div>\n\t\t\t\t<\/div>\n\t\t<div class=\"elementor-element elementor-element-26b6e6e animated-slow e-flex e-con-boxed elementor-invisible e-con e-parent\" data-id=\"26b6e6e\" data-element_type=\"container\" data-settings=\"{&quot;animation&quot;:&quot;fadeInUp&quot;}\">\n\t\t\t\t\t<div class=\"e-con-inner\">\n\t\t\t\t<div class=\"elementor-element elementor-element-e14158c elementor-widget-mobile__width-initial elementor-widget elementor-widget-icon-box\" data-id=\"e14158c\" data-element_type=\"widget\" data-widget_type=\"icon-box.default\">\n\t\t\t\t<div class=\"elementor-widget-container\">\n\t\t\t\t\t\t\t<div class=\"elementor-icon-box-wrapper\">\n\n\t\t\t\n\t\t\t\t\t\t<div class=\"elementor-icon-box-content\">\n\n\t\t\t\t\t\t\t\t\t<h3 class=\"elementor-icon-box-title\">\n\t\t\t\t\t\t<span  >\n\t\t\t\t\t\t\tAVANT L'ENTRETIEN\t\t\t\t\t\t<\/span>\n\t\t\t\t\t<\/h3>\n\t\t\t\t\n\t\t\t\t\t\t\t\t\t<p class=\"elementor-icon-box-description\">\n\t\t\t\t\t\tFaites des recherches sur l'organisation. Les sites web de l'entreprise et les m\u00e9dias sociaux constituent une bonne source d'information. Plus vous \u00eates inform\u00e9, plus votre employeur potentiel sera impressionn\u00e9. Faites des recherches sur le secteur. Consultez les sites web et les magazines du secteur de l'h\u00f4tellerie et de la restauration pour vous faire une id\u00e9e des derniers d\u00e9veloppements. Soyez pr\u00eat \u00e0 parler de vos concurrents.\n\t\t\t\t\t<\/p>\n\t\t\t\t\n\t\t\t<\/div>\n\t\t\t\n\t\t<\/div>\n\t\t\t\t\t\t<\/div>\n\t\t\t\t<\/div>\n\t\t\t\t<div class=\"elementor-element elementor-element-b3e4fd5 elementor-widget-mobile__width-initial elementor-widget elementor-widget-bdt-toggle\" data-id=\"b3e4fd5\" data-element_type=\"widget\" data-widget_type=\"bdt-toggle.default\">\n\t\t\t\t<div class=\"elementor-widget-container\">\n\t\t\t\t\t\n        <div class=\"bdt-show-hide-container\">\n            <div id=\"bdt-show-hide-b3e4fd5\" class=\"bdt-show-hide\" data-settings=\"{&quot;id&quot;:&quot;b3e4fd5&quot;,&quot;status_scrollspy&quot;:&quot;no&quot;,&quot;scrollspy_top_offset&quot;:70,&quot;scrollspy_time&quot;:1000,&quot;toggle_initially_open&quot;:&quot; &quot;,&quot;by_widget_selector_status&quot;:&quot;no&quot;,&quot;viewport_lg&quot;:999,&quot;viewport_md&quot;:689}\">\n                <div class=\"bdt-show-hide-item\">\n                    <div class=\"bdt-show-hide-content\">\n                        <p>R\u00e9fl\u00e9chissez aux raisons pour lesquelles vous souhaiteriez travailler comme saisonnier dans cette entreprise et pourquoi vous \u00eates le candidat id\u00e9al pour ce poste. Essayez de d\u00e9terminer quelles sont les comp\u00e9tences que l'employeur appr\u00e9ciera le plus et quels exemples de votre pass\u00e9 vous pouvez utiliser pour les d\u00e9montrer.<\/p><p>Anticipez les questions sur votre CV, pr\u00e9parez vos r\u00e9ponses et vos raisons.<\/p><p>Assurez-vous d'\u00eatre en confiance pour r\u00e9pondre aux questions typiques d'un entretien. Pr\u00e9parez des r\u00e9ponses aux questions les plus courantes qui constituent souvent la base des entretiens et soyez pr\u00eat \u00e0 r\u00e9pondre \u00e0 des questions inattendues qui pourraient vous d\u00e9stabiliser. Pour plus de conseils, reportez-vous aux questions d'entretien figurant sur notre site web.<\/p><p>Pr\u00e9parez une liste de questions \u00e0 poser pendant l'entretien. Vous montrerez ainsi que vous \u00eates int\u00e9ress\u00e9 par le poste et que vous avez pris le temps de r\u00e9fl\u00e9chir \u00e0 la Le mouvement potentiel.<\/p><p>Habillez-vous de mani\u00e8re appropri\u00e9e et veillez \u00e0 \u00eatre bien coiff\u00e9.<\/p><p>Soyez \u00e0 l'heure ! Arrivez m\u00eame 15 minutes \u00e0 l'avance afin de ne pas \u00eatre stress\u00e9 par des retards impr\u00e9vus. Si une urgence in\u00e9vitable survient ou si vous \u00eates coinc\u00e9 dans un bouchon, appelez l'interviewer ou les interviewers pour les pr\u00e9venir de votre retard. Se pr\u00e9senter en retard sans t\u00e9l\u00e9phoner est un moyen infaillible de perdre un emploi.<\/p><p>\u00c9teignez toujours votre t\u00e9l\u00e9phone portable avant d'entrer dans le b\u00e2timent du recruteur. Recevoir des appels et des SMS au hasard pendant que vous parlez avec un responsable du recrutement est une erreur qui peut g\u00e2cher votre entretien. Et si votre t\u00e9l\u00e9phone sonne, ne pensez m\u00eame pas \u00e0 r\u00e9pondre.<\/p>                    <\/div>\n\n                    <a class=\"bdt-show-hide-title\" href='javascript:void(0)'>\n                        <span class=\"bdt-show-hide-btn bdt-display-inline\">\n\n                                                                                                                    <span class=\"bdt-toggle-open\">\n                                LIRE PLUS                            <\/span>\n                            <span class=\"bdt-toggle-close\">\n                                LIRE PLUS                            <\/span>\n                                                                                                <span class=\"bdt-show-hide-icon\" aria-hidden=\"true\">\n    \n                                        <span class=\"bdt-show-hide-icon-closed\">\n                                            <svg aria-hidden=\"true\" class=\"fa-fw e-font-icon-svg e-fas-plus\" viewbox=\"0 0 448 512\" xmlns=\"http:\/\/www.w3.org\/2000\/svg\"><path d=\"M416 208H272V64c0-17.67-14.33-32-32-32h-32c-17.67 0-32 14.33-32 32v144H32c-17.67 0-32 14.33-32 32v32c0 17.67 14.33 32 32 32h144v144c0 17.67 14.33 32 32 32h32c17.67 0 32-14.33 32-32V304h144c17.67 0 32-14.33 32-32v-32c0-17.67-14.33-32-32-32z\"><\/path><\/svg>                                        <\/span>\n    \n                                        <span class=\"bdt-show-hide-icon-opened\">\n                                            <svg aria-hidden=\"true\" class=\"fa-fw e-font-icon-svg e-fas-minus\" viewbox=\"0 0 448 512\" xmlns=\"http:\/\/www.w3.org\/2000\/svg\"><path d=\"M416 208H32c-17.67 0-32 14.33-32 32v32c0 17.67 14.33 32 32 32h384c17.67 0 32-14.33 32-32v-32c0-17.67-14.33-32-32-32z\"><\/path><\/svg>                                        <\/span>\n    \n                                    <\/span>\n                                                                                    <\/span>\n\n                    <\/a>\n                <\/div>\n            <\/div>\n        <\/div>\n\n\t\t\t\t<\/div>\n\t\t\t\t<\/div>\n\t\t\t\t<div class=\"elementor-element elementor-element-67ff3c4 elementor-widget-mobile__width-initial elementor-widget elementor-widget-icon-box\" data-id=\"67ff3c4\" data-element_type=\"widget\" data-widget_type=\"icon-box.default\">\n\t\t\t\t<div class=\"elementor-widget-container\">\n\t\t\t\t\t\t\t<div class=\"elementor-icon-box-wrapper\">\n\n\t\t\t\n\t\t\t\t\t\t<div class=\"elementor-icon-box-content\">\n\n\t\t\t\t\t\t\t\t\t<h3 class=\"elementor-icon-box-title\">\n\t\t\t\t\t\t<span  >\n\t\t\t\t\t\t\tPENDANT L'ENTRETIEN\t\t\t\t\t\t<\/span>\n\t\t\t\t\t<\/h3>\n\t\t\t\t\n\t\t\t\t\t\t\t\t\t<p class=\"elementor-icon-box-description\">\n\t\t\t\t\t\tLorsque vous rencontrez l'intervieweur pour la premi\u00e8re fois, saluez-le et pr\u00e9sentez-vous par votre nom.\nMaintenez le contact visuel pendant la conversation. Cela montre que vous avez confiance en vous et que vous n'avez rien \u00e0 cacher. Et surtout, respirez.\t\t\t\t\t<\/p>\n\t\t\t\t\n\t\t\t<\/div>\n\t\t\t\n\t\t<\/div>\n\t\t\t\t\t\t<\/div>\n\t\t\t\t<\/div>\n\t\t\t\t<div class=\"elementor-element elementor-element-f69eaba elementor-widget-mobile__width-initial elementor-widget elementor-widget-bdt-toggle\" data-id=\"f69eaba\" data-element_type=\"widget\" data-widget_type=\"bdt-toggle.default\">\n\t\t\t\t<div class=\"elementor-widget-container\">\n\t\t\t\t\t\n        <div class=\"bdt-show-hide-container\">\n            <div id=\"bdt-show-hide-f69eaba\" class=\"bdt-show-hide\" data-settings=\"{&quot;id&quot;:&quot;f69eaba&quot;,&quot;status_scrollspy&quot;:&quot;no&quot;,&quot;scrollspy_top_offset&quot;:70,&quot;scrollspy_time&quot;:1000,&quot;toggle_initially_open&quot;:&quot; &quot;,&quot;by_widget_selector_status&quot;:&quot;no&quot;,&quot;viewport_lg&quot;:999,&quot;viewport_md&quot;:689}\">\n                <div class=\"bdt-show-hide-item\">\n                    <div class=\"bdt-show-hide-content\">\n                        <p>\u00c9vitez de croiser les bras ou les jambes, car cela cr\u00e9e une barri\u00e8re d\u00e9fensive.<\/p><p>Soyez amical et positif. Ne parlez pas n\u00e9gativement de votre employeur actuel, sauf si vous avez une bonne raison de le faire.<\/p><p>Soyez honn\u00eate, c'est la meilleure strat\u00e9gie \u00e0 long terme.<\/p><p>En g\u00e9n\u00e9rale, donnez une image positive et exprimez-vous de mani\u00e8re positive.<\/p><p>Surtout, soyez vous-m\u00eame. Il n'y a pas de raison d'\u00eatre nerveux, vous avez \u00e9t\u00e9 invit\u00e9, ce qui signifie que vous avez d\u00e9j\u00e0 pass\u00e9 une premi\u00e8re pr\u00e9s\u00e9lection.<\/p><p>\u00c9coutez bien et assurez-vous de comprendre les questions de l'interviewer. Donnez des r\u00e9ponses compl\u00e8tes et \u00e9vitez les r\u00e9ponses par oui ou par non. Terminez parfois votre r\u00e9ponse par une autre question, ce qui aide \u00e0 \u00e9tablir un flux de conversation et montre que vous \u00eates int\u00e9ress\u00e9. N'h\u00e9sitez pas \u00e0 demander si vous n'avez pas tout compris, mais n'interrompez jamais votre intervieweur. Faites une pause avant de r\u00e9pondre \u00e0 une question difficile afin de vous donner le temps de r\u00e9fl\u00e9chir.<\/p><p>\u00c0 la fin de l'entretien, l'employeur explique g\u00e9n\u00e9ralement ce qui se passera ensuite, sinon il demande quelle sera la prochaine \u00e9tape.<\/p><p>Remerciez votre 'intervieweur d'avoir pris le temps de vous rencontrer.<\/p><p><strong>AGIR INDONESIE VOUS SOUHAITE BONNE CHANCE !<\/strong><\/p>                    <\/div>\n\n                    <a class=\"bdt-show-hide-title\" href='javascript:void(0)'>\n                        <span class=\"bdt-show-hide-btn bdt-display-inline\">\n\n                                                                                                                    <span class=\"bdt-toggle-open\">\n                                LIRE PLUS                            <\/span>\n                            <span class=\"bdt-toggle-close\">\n                                LIRE PLUS                            <\/span>\n                                                                                                <span class=\"bdt-show-hide-icon\" aria-hidden=\"true\">\n    \n                                        <span class=\"bdt-show-hide-icon-closed\">\n                                            <svg aria-hidden=\"true\" class=\"fa-fw e-font-icon-svg e-fas-plus\" viewbox=\"0 0 448 512\" xmlns=\"http:\/\/www.w3.org\/2000\/svg\"><path d=\"M416 208H272V64c0-17.67-14.33-32-32-32h-32c-17.67 0-32 14.33-32 32v144H32c-17.67 0-32 14.33-32 32v32c0 17.67 14.33 32 32 32h144v144c0 17.67 14.33 32 32 32h32c17.67 0 32-14.33 32-32V304h144c17.67 0 32-14.33 32-32v-32c0-17.67-14.33-32-32-32z\"><\/path><\/svg>                                        <\/span>\n    \n                                        <span class=\"bdt-show-hide-icon-opened\">\n                                            <svg aria-hidden=\"true\" class=\"fa-fw e-font-icon-svg e-fas-minus\" viewbox=\"0 0 448 512\" xmlns=\"http:\/\/www.w3.org\/2000\/svg\"><path d=\"M416 208H32c-17.67 0-32 14.33-32 32v32c0 17.67 14.33 32 32 32h384c17.67 0 32-14.33 32-32v-32c0-17.67-14.33-32-32-32z\"><\/path><\/svg>                                        <\/span>\n    \n                                    <\/span>\n                                                                                    <\/span>\n\n                    <\/a>\n                <\/div>\n            <\/div>\n        <\/div>\n\n\t\t\t\t<\/div>\n\t\t\t\t<\/div>\n\t\t\t\t\t<\/div>\n\t\t\t\t<\/div>\n\t\t<div class=\"elementor-element elementor-element-769bec1 e-flex e-con-boxed e-con e-parent\" data-id=\"769bec1\" data-element_type=\"container\">\n\t\t\t\t\t<div class=\"e-con-inner\">\n\t\t\t\t<div class=\"elementor-element elementor-element-b52b026 elementor-align-center elementor-widget__width-initial elementor-widget elementor-widget-button\" data-id=\"b52b026\" data-element_type=\"widget\" data-widget_type=\"button.default\">\n\t\t\t\t<div class=\"elementor-widget-container\">\n\t\t\t\t\t\t\t\t\t<div class=\"elementor-button-wrapper\">\n\t\t\t\t\t<a class=\"elementor-button elementor-button-link elementor-size-sm\" href=\"https:\/\/agirindonesie.com\/fr\/contact\/\">\n\t\t\t\t\t\t<span class=\"elementor-button-content-wrapper\">\n\t\t\t\t\t\t\t\t\t<span class=\"elementor-button-text\">REJOINDRE AGIR INDONESIE MAINTENANT<\/span>\n\t\t\t\t\t<\/span>\n\t\t\t\t\t<\/a>\n\t\t\t\t<\/div>\n\t\t\t\t\t\t\t\t<\/div>\n\t\t\t\t<\/div>\n\t\t\t\t\t<\/div>\n\t\t\t\t<\/div>\n\t\t\t\t<\/div>","protected":false},"excerpt":{"rendered":"<p>CV &#038; INTERVIEWS TIPS The interview is still the most vital part of the recruitment process. It may sound like common sense to be well-prepared but so many candidates make the fatal mistake of not being well-prepared before walking into an interview. BEFORE THE INTERVIEW Research the organization. Company websites and social media are a [&hellip;]<\/p>","protected":false},"author":1,"featured_media":0,"parent":0,"menu_order":0,"comment_status":"closed","ping_status":"closed","template":"elementor_header_footer","meta":{"footnotes":""},"class_list":["post-189","page","type-page","status-publish","hentry"],"blocksy_meta":[],"_links":{"self":[{"href":"https:\/\/agirindonesie.com\/fr\/wp-json\/wp\/v2\/pages\/189","targetHints":{"allow":["GET"]}}],"collection":[{"href":"https:\/\/agirindonesie.com\/fr\/wp-json\/wp\/v2\/pages"}],"about":[{"href":"https:\/\/agirindonesie.com\/fr\/wp-json\/wp\/v2\/types\/page"}],"author":[{"embeddable":true,"href":"https:\/\/agirindonesie.com\/fr\/wp-json\/wp\/v2\/users\/1"}],"replies":[{"embeddable":true,"href":"https:\/\/agirindonesie.com\/fr\/wp-json\/wp\/v2\/comments?post=189"}],"version-history":[{"count":111,"href":"https:\/\/agirindonesie.com\/fr\/wp-json\/wp\/v2\/pages\/189\/revisions"}],"predecessor-version":[{"id":3671,"href":"https:\/\/agirindonesie.com\/fr\/wp-json\/wp\/v2\/pages\/189\/revisions\/3671"}],"wp:attachment":[{"href":"https:\/\/agirindonesie.com\/fr\/wp-json\/wp\/v2\/media?parent=189"}],"curies":[{"name":"wp","href":"https:\/\/api.w.org\/{rel}","templated":true}]}}