{"id":185,"date":"2023-11-29T21:42:11","date_gmt":"2023-11-29T14:42:11","guid":{"rendered":"https:\/\/agirindonesie.com\/?page_id=185"},"modified":"2023-12-20T13:20:45","modified_gmt":"2023-12-20T06:20:45","slug":"why-do-a-seasonal-job","status":"publish","type":"page","link":"https:\/\/agirindonesie.com\/fr\/why-do-a-seasonal-job\/","title":{"rendered":"Pourquoi faire un travail saisonnier ?"},"content":{"rendered":"<div data-elementor-type=\"wp-page\" data-elementor-id=\"185\" class=\"elementor elementor-185\" data-elementor-post-type=\"page\">\n\t\t\t\t<div class=\"elementor-element elementor-element-2f339cc e-con-full animated-slow e-flex e-con e-parent\" data-id=\"2f339cc\" data-element_type=\"container\" data-settings=\"{&quot;background_background&quot;:&quot;classic&quot;,&quot;animation&quot;:&quot;none&quot;}\">\n\t\t\t\t<div class=\"elementor-element elementor-element-36308c5 animated-slow elementor-invisible elementor-widget elementor-widget-heading\" data-id=\"36308c5\" data-element_type=\"widget\" data-settings=\"{&quot;_animation&quot;:&quot;fadeInUp&quot;}\" data-widget_type=\"heading.default\">\n\t\t\t\t<div class=\"elementor-widget-container\">\n\t\t\t\t\t<h5 class=\"elementor-heading-title elementor-size-medium\">POURQUOI FAIRE UN TRAVAIL SAISONNIER ?<\/h5>\t\t\t\t<\/div>\n\t\t\t\t<\/div>\n\t\t\t\t<\/div>\n\t\t<div class=\"elementor-element elementor-element-fa750fa e-con-full animated-slow e-flex e-con e-parent\" data-id=\"fa750fa\" data-element_type=\"container\" data-settings=\"{&quot;background_background&quot;:&quot;classic&quot;,&quot;animation&quot;:&quot;none&quot;}\">\n\t\t\t\t<\/div>\n\t\t<div class=\"elementor-element elementor-element-f52046a animated-slow e-flex e-con-boxed elementor-invisible e-con e-parent\" data-id=\"f52046a\" data-element_type=\"container\" data-settings=\"{&quot;animation&quot;:&quot;fadeInUp&quot;}\">\n\t\t\t\t\t<div class=\"e-con-inner\">\n\t\t\t\t<div class=\"elementor-element elementor-element-69a0b50 elementor-widget-mobile__width-initial elementor-widget elementor-widget-text-editor\" data-id=\"69a0b50\" data-element_type=\"widget\" data-widget_type=\"text-editor.default\">\n\t\t\t\t<div class=\"elementor-widget-container\">\n\t\t\t\t\t\t\t\t\t<p>Notre programme d'emplois saisonniers n'est pas destin\u00e9 aux personnes \u00e0 la recherche d'une opportunit\u00e9 d'emploi \u00e0 l'\u00e9tranger, mais \u00e0 toutes les personnes qui souhaitent vivre une exp\u00e9rience professionnelle incroyable et inoubliable \u00e0 l'\u00e9tranger. Cette exp\u00e9rience que vous n'\u00eates pas pr\u00eat d'oublier est un moyen d'enrichir consid\u00e9rablement votre CV, d'am\u00e9liorer votre anglais ou votre fran\u00e7ais, de conna\u00eetre les paysages et une culture diff\u00e9rente et de faciliter votre entr\u00e9e sur le march\u00e9 du travail et votre retour avec un petit p\u00e9cule.\u00a0<\/p>\t\t\t\t\t\t\t\t<\/div>\n\t\t\t\t<\/div>\n\t\t\t\t<div class=\"elementor-element elementor-element-b13c079 elementor-widget elementor-widget-heading\" data-id=\"b13c079\" data-element_type=\"widget\" data-widget_type=\"heading.default\">\n\t\t\t\t<div class=\"elementor-widget-container\">\n\t\t\t\t\t<h6 class=\"elementor-heading-title elementor-size-default\">Il sera certainement un tr\u00e8s bon atout dans votre CV !<\/h6>\t\t\t\t<\/div>\n\t\t\t\t<\/div>\n\t\t\t\t\t<\/div>\n\t\t\t\t<\/div>\n\t\t<div class=\"elementor-element elementor-element-4b5da11 animated-slow e-flex e-con-boxed elementor-invisible e-con e-parent\" data-id=\"4b5da11\" data-element_type=\"container\" data-settings=\"{&quot;animation&quot;:&quot;fadeInUp&quot;}\">\n\t\t\t\t\t<div class=\"e-con-inner\">\n\t\t\t\t<div class=\"elementor-element elementor-element-29aaf9e elementor-widget elementor-widget-heading\" data-id=\"29aaf9e\" data-element_type=\"widget\" data-widget_type=\"heading.default\">\n\t\t\t\t<div class=\"elementor-widget-container\">\n\t\t\t\t\t<h6 class=\"elementor-heading-title elementor-size-default\">LES 4 ATOUTS POUR FAIRE UN TRAVAIL SAISONNIER<\/h6>\t\t\t\t<\/div>\n\t\t\t\t<\/div>\n\t\t\t\t\t<\/div>\n\t\t\t\t<\/div>\n\t\t<div class=\"elementor-element elementor-element-946c82c animated-slow e-flex e-con-boxed elementor-invisible e-con e-parent\" data-id=\"946c82c\" data-element_type=\"container\" data-settings=\"{&quot;animation&quot;:&quot;fadeInUp&quot;}\">\n\t\t\t\t\t<div class=\"e-con-inner\">\n\t\t<div class=\"elementor-element elementor-element-f57d94f e-con-full e-flex e-con e-child\" data-id=\"f57d94f\" data-element_type=\"container\" data-settings=\"{&quot;background_background&quot;:&quot;classic&quot;}\">\n\t\t\t\t<div class=\"elementor-element elementor-element-a0775c2 elementor-widget elementor-widget-heading\" data-id=\"a0775c2\" data-element_type=\"widget\" data-widget_type=\"heading.default\">\n\t\t\t\t<div class=\"elementor-widget-container\">\n\t\t\t\t\t<h6 class=\"elementor-heading-title elementor-size-default\">ATOUT PROFESSIONNEL<\/h6>\t\t\t\t<\/div>\n\t\t\t\t<\/div>\n\t\t\t\t<div class=\"elementor-element elementor-element-28a0358 elementor-widget__width-initial elementor-widget elementor-widget-text-editor\" data-id=\"28a0358\" data-element_type=\"widget\" data-widget_type=\"text-editor.default\">\n\t\t\t\t<div class=\"elementor-widget-container\">\n\t\t\t\t\t\t\t\t\t<p>Une exp\u00e9rience professionnelle internationale vous permettra d'apprendre et d'exp\u00e9rimenter d'autres m\u00e9thodes de travail, diff\u00e9rentes de celles que vous connaissez. Elle contribuera \u00e0 d\u00e9velopper votre sens de l'adaptation et votre ouverture d'esprit, atouts recherch\u00e9s par votre futur employeur. Tr\u00e8s souvent, elle fait d\u00e9coller une future carri\u00e8re.<\/p>\t\t\t\t\t\t\t\t<\/div>\n\t\t\t\t<\/div>\n\t\t\t\t<\/div>\n\t\t<div class=\"elementor-element elementor-element-eae4b4b e-con-full e-flex e-con e-child\" data-id=\"eae4b4b\" data-element_type=\"container\" data-settings=\"{&quot;background_background&quot;:&quot;classic&quot;}\">\n\t\t\t\t<div class=\"elementor-element elementor-element-30ef148 elementor-widget elementor-widget-heading\" data-id=\"30ef148\" data-element_type=\"widget\" data-widget_type=\"heading.default\">\n\t\t\t\t<div class=\"elementor-widget-container\">\n\t\t\t\t\t<h6 class=\"elementor-heading-title elementor-size-default\">AVANTAGE PERSONNEL<\/h6>\t\t\t\t<\/div>\n\t\t\t\t<\/div>\n\t\t\t\t<div class=\"elementor-element elementor-element-85f8249 elementor-widget__width-initial elementor-widget elementor-widget-text-editor\" data-id=\"85f8249\" data-element_type=\"widget\" data-widget_type=\"text-editor.default\">\n\t\t\t\t<div class=\"elementor-widget-container\">\n\t\t\t\t\t\t\t\t\t<p>Une exp\u00e9rience professionnelle au niveau international vous permettra de rencontrer des personnes de cultures diff\u00e9rentes dans leur vie r\u00e9elle, et pas seulement en vacances. Vous d\u00e9couvrirez leurs habitudes, leurs loisirs et leurs coutumes. Les relations que vous aurez avec certains d'entre eux dureront plus longtemps qu'une simple rencontre en vacances.<\/p>\t\t\t\t\t\t\t\t<\/div>\n\t\t\t\t<\/div>\n\t\t\t\t<\/div>\n\t\t<div class=\"elementor-element elementor-element-6e49a8b e-con-full e-flex e-con e-child\" data-id=\"6e49a8b\" data-element_type=\"container\" data-settings=\"{&quot;background_background&quot;:&quot;classic&quot;}\">\n\t\t\t\t<div class=\"elementor-element elementor-element-3cc02cf elementor-widget elementor-widget-heading\" data-id=\"3cc02cf\" data-element_type=\"widget\" data-widget_type=\"heading.default\">\n\t\t\t\t<div class=\"elementor-widget-container\">\n\t\t\t\t\t<h6 class=\"elementor-heading-title elementor-size-default\">AM\u00c9LIOREZ VOTRE ANGLAIS<\/h6>\t\t\t\t<\/div>\n\t\t\t\t<\/div>\n\t\t\t\t<div class=\"elementor-element elementor-element-85609df elementor-widget__width-initial elementor-widget elementor-widget-text-editor\" data-id=\"85609df\" data-element_type=\"widget\" data-widget_type=\"text-editor.default\">\n\t\t\t\t<div class=\"elementor-widget-container\">\n\t\t\t\t\t\t\t\t\t<p>Avant de de voyager dans un pays \u00e9tranger,, il est essentiel de conna\u00eetre les bases de la langue anglaise, les expressions idiomatiques les plus courantes, les expressions de politesse et les choses \u00e0 faire et \u00e0 ne pas faire.<\/p>\n<p>Dans un environnement professionnel, les candidats d\u00e9velopperont des automatismes linguistiques, apprendront les subtilit\u00e9s de leur utilit\u00e9 et renforceront leur compr\u00e9hension orale.<\/p>\t\t\t\t\t\t\t\t<\/div>\n\t\t\t\t<\/div>\n\t\t\t\t<\/div>\n\t\t<div class=\"elementor-element elementor-element-cd76388 e-con-full e-flex e-con e-child\" data-id=\"cd76388\" data-element_type=\"container\" data-settings=\"{&quot;background_background&quot;:&quot;classic&quot;}\">\n\t\t\t\t<div class=\"elementor-element elementor-element-e8e7591 elementor-widget elementor-widget-heading\" data-id=\"e8e7591\" data-element_type=\"widget\" data-widget_type=\"heading.default\">\n\t\t\t\t<div class=\"elementor-widget-container\">\n\t\t\t\t\t<h6 class=\"elementor-heading-title elementor-size-default\">ATOUT SUR CV<\/h6>\t\t\t\t<\/div>\n\t\t\t\t<\/div>\n\t\t\t\t<div class=\"elementor-element elementor-element-8390bb8 elementor-widget__width-initial elementor-widget elementor-widget-text-editor\" data-id=\"8390bb8\" data-element_type=\"widget\" data-widget_type=\"text-editor.default\">\n\t\t\t\t<div class=\"elementor-widget-container\">\n\t\t\t\t\t\t\t\t\t<p>Il est essentiel de se d\u00e9marquer des autres candidats pour mettre toutes les chances de son c\u00f4t\u00e9 dans sa recherche d'emploi. Notez que les recruteurs sont particuli\u00e8rement int\u00e9ress\u00e9s par les \"profils internationaux\", car cela d\u00e9montre une certaine autonomie et un go\u00fbt pour les \"challenges\" et justifiera la connaissance et le niveau d'une deuxi\u00e8me langue \u00e9trang\u00e8re apr\u00e8s celui de l'anglais.<\/p>\t\t\t\t\t\t\t\t<\/div>\n\t\t\t\t<\/div>\n\t\t\t\t<\/div>\n\t\t\t\t\t<\/div>\n\t\t\t\t<\/div>\n\t\t<div class=\"elementor-element elementor-element-fb16959 animated-slow e-flex e-con-boxed elementor-invisible e-con e-parent\" data-id=\"fb16959\" data-element_type=\"container\" data-settings=\"{&quot;animation&quot;:&quot;fadeInUp&quot;}\">\n\t\t\t\t\t<div class=\"e-con-inner\">\n\t\t\t\t<div class=\"elementor-element elementor-element-8ba75f5 elementor-widget elementor-widget-heading\" data-id=\"8ba75f5\" data-element_type=\"widget\" data-widget_type=\"heading.default\">\n\t\t\t\t<div class=\"elementor-widget-container\">\n\t\t\t\t\t<h2 class=\"elementor-heading-title elementor-size-default\">QUELQUES PHOTOS DE\nNOTRE TRAVAILLEUR SAISONNIER<\/h2>\t\t\t\t<\/div>\n\t\t\t\t<\/div>\n\t\t\t\t\t<\/div>\n\t\t\t\t<\/div>\n\t\t<div class=\"elementor-element elementor-element-035272e e-con-full animated-slow e-flex elementor-invisible e-con e-parent\" data-id=\"035272e\" data-element_type=\"container\" data-settings=\"{&quot;animation&quot;:&quot;fadeInUp&quot;}\">\n\t\t\t\t<div class=\"elementor-element elementor-element-173815c elementor-arrows-position-outside elementor-widget__width-initial elementor-pagination-position-outside elementor-widget elementor-widget-image-carousel\" data-id=\"173815c\" data-element_type=\"widget\" data-settings=\"{&quot;slides_to_show&quot;:&quot;1&quot;,&quot;navigation&quot;:&quot;both&quot;,&quot;autoplay&quot;:&quot;yes&quot;,&quot;pause_on_hover&quot;:&quot;yes&quot;,&quot;pause_on_interaction&quot;:&quot;yes&quot;,&quot;autoplay_speed&quot;:5000,&quot;infinite&quot;:&quot;yes&quot;,&quot;effect&quot;:&quot;slide&quot;,&quot;speed&quot;:500}\" data-widget_type=\"image-carousel.default\">\n\t\t\t\t<div class=\"elementor-widget-container\">\n\t\t\t\t\t\t\t<div class=\"elementor-image-carousel-wrapper swiper\" role=\"region\" aria-roledescription=\"carousel\" aria-label=\"Carrousel d\u2019images\" dir=\"ltr\">\n\t\t\t<div class=\"elementor-image-carousel swiper-wrapper\" aria-live=\"off\">\n\t\t\t\t\t\t\t\t<div class=\"swiper-slide\" role=\"group\" aria-roledescription=\"slide\" aria-label=\"1 sur 7\"><figure class=\"swiper-slide-inner\"><img decoding=\"async\" class=\"swiper-slide-image\" src=\"https:\/\/agirindonesie.com\/wp-content\/uploads\/elementor\/thumbs\/WhatsApp-Image-2023-12-04-at-16.21.03-2-qgbjqs42ud4q43tsfszx6t8g7inneo0enlaatzr8nc.jpeg\" alt=\"WhatsApp Image 2023-12-04 at 16.21.03 (2)\" \/><\/figure><\/div><div class=\"swiper-slide\" role=\"group\" aria-roledescription=\"slide\" aria-label=\"2 sur 7\"><figure class=\"swiper-slide-inner\"><img decoding=\"async\" class=\"swiper-slide-image\" src=\"https:\/\/agirindonesie.com\/wp-content\/uploads\/elementor\/thumbs\/WhatsApp-Image-2023-12-04-at-16.20.56-qgbjqr68nj3fshv5lalambgzm4sa6ywobgmtcpsmtk.jpeg\" alt=\"WhatsApp Image 2023-12-04 at 16.20.56\" \/><\/figure><\/div><div class=\"swiper-slide\" role=\"group\" aria-roledescription=\"slide\" aria-label=\"3 sur 7\"><figure class=\"swiper-slide-inner\"><img decoding=\"async\" class=\"swiper-slide-image\" src=\"https:\/\/agirindonesie.com\/wp-content\/uploads\/elementor\/thumbs\/WhatsApp-Image-2023-12-04-at-16.21.05-2-qgbjqt1x1760fpsfabejrazwswj0md44zpxsb9puh4.jpeg\" alt=\"WhatsApp Image 2023-12-04 at 16.21.05 (2)\" \/><\/figure><\/div><div class=\"swiper-slide\" role=\"group\" aria-roledescription=\"slide\" aria-label=\"4 sur 7\"><figure class=\"swiper-slide-inner\"><img decoding=\"async\" class=\"swiper-slide-image\" src=\"https:\/\/agirindonesie.com\/wp-content\/uploads\/elementor\/thumbs\/WhatsApp-Image-2023-12-04-at-16.21.06-e1701701379798-qgbjwd9jgws34nplt7y30eh3bz475w6yr8w7j7gzns.jpeg\" alt=\"WhatsApp Image 2023-12-04 at 16.21.06\" \/><\/figure><\/div><div class=\"swiper-slide\" role=\"group\" aria-roledescription=\"slide\" aria-label=\"5 sur 7\"><figure class=\"swiper-slide-inner\"><img decoding=\"async\" class=\"swiper-slide-image\" src=\"https:\/\/agirindonesie.com\/wp-content\/uploads\/elementor\/thumbs\/WhatsApp-Image-2023-12-04-at-20.02.36-e1701701401304-qgbjwxxzn9ke82vkggvvj998ega9v8h2638w3ambuw.jpeg\" alt=\"WhatsApp Image 2023-12-04 at 20.02.36\" \/><\/figure><\/div><div class=\"swiper-slide\" role=\"group\" aria-roledescription=\"slide\" aria-label=\"6 sur 7\"><figure class=\"swiper-slide-inner\"><img decoding=\"async\" class=\"swiper-slide-image\" src=\"https:\/\/agirindonesie.com\/wp-content\/uploads\/elementor\/thumbs\/WhatsApp-Image-2023-12-04-at-20.02.37-qgbjzcf540urw7dyfi9jwnfn1wg1je0d5z9k8r23yg.jpeg\" alt=\"WhatsApp Image 2023-12-04 at 20.02.37\" \/><\/figure><\/div><div class=\"swiper-slide\" role=\"group\" aria-roledescription=\"slide\" aria-label=\"7 sur 7\"><figure class=\"swiper-slide-inner\"><img decoding=\"async\" class=\"swiper-slide-image\" src=\"https:\/\/agirindonesie.com\/wp-content\/uploads\/elementor\/thumbs\/WhatsApp-Image-2023-12-04-at-20.02.36-1-e1701701944126-qgbkb4ccqaz3cca6o3ian6giyoekyvrb49hjojlk08.jpeg\" alt=\"WhatsApp Image 2023-12-04 at 20.02.36 (1)\" \/><\/figure><\/div>\t\t\t<\/div>\n\t\t\t\t\t\t\t\t\t\t\t\t<div class=\"elementor-swiper-button elementor-swiper-button-prev\" role=\"button\" tabindex=\"0\">\n\t\t\t\t\t\t<svg aria-hidden=\"true\" class=\"e-font-icon-svg e-eicon-chevron-left\" viewbox=\"0 0 1000 1000\" xmlns=\"http:\/\/www.w3.org\/2000\/svg\"><path d=\"M646 125C629 125 613 133 604 142L308 442C296 454 292 471 292 487 292 504 296 521 308 533L604 854C617 867 629 875 646 875 663 875 679 871 692 858 704 846 713 829 713 812 713 796 708 779 692 767L438 487 692 225C700 217 708 204 708 187 708 171 704 154 692 142 675 129 663 125 646 125Z\"><\/path><\/svg>\t\t\t\t\t<\/div>\n\t\t\t\t\t<div class=\"elementor-swiper-button elementor-swiper-button-next\" role=\"button\" tabindex=\"0\">\n\t\t\t\t\t\t<svg aria-hidden=\"true\" class=\"e-font-icon-svg e-eicon-chevron-right\" viewbox=\"0 0 1000 1000\" xmlns=\"http:\/\/www.w3.org\/2000\/svg\"><path d=\"M696 533C708 521 713 504 713 487 713 471 708 454 696 446L400 146C388 133 375 125 354 125 338 125 325 129 313 142 300 154 292 171 292 187 292 204 296 221 308 233L563 492 304 771C292 783 288 800 288 817 288 833 296 850 308 863 321 871 338 875 354 875 371 875 388 867 400 854L696 533Z\"><\/path><\/svg>\t\t\t\t\t<\/div>\n\t\t\t\t\n\t\t\t\t\t\t\t\t\t<div class=\"swiper-pagination\"><\/div>\n\t\t\t\t\t\t\t\t\t<\/div>\n\t\t\t\t\t\t<\/div>\n\t\t\t\t<\/div>\n\t\t\t\t<\/div>\n\t\t<div class=\"elementor-element elementor-element-61a8cce animated-slow e-flex e-con-boxed elementor-invisible e-con e-parent\" data-id=\"61a8cce\" data-element_type=\"container\" data-settings=\"{&quot;animation&quot;:&quot;fadeInUp&quot;}\">\n\t\t\t\t\t<div class=\"e-con-inner\">\n\t\t\t\t<div class=\"elementor-element elementor-element-f614f52 elementor-align-center elementor-widget__width-initial elementor-widget elementor-widget-button\" data-id=\"f614f52\" data-element_type=\"widget\" data-widget_type=\"button.default\">\n\t\t\t\t<div class=\"elementor-widget-container\">\n\t\t\t\t\t\t\t\t\t<div class=\"elementor-button-wrapper\">\n\t\t\t\t\t<a class=\"elementor-button elementor-button-link elementor-size-sm\" href=\"https:\/\/agirindonesie.com\/fr\/contact\/\">\n\t\t\t\t\t\t<span class=\"elementor-button-content-wrapper\">\n\t\t\t\t\t\t\t\t\t<span class=\"elementor-button-text\">REJOINDRE AGIR INDONESIE MAINTENANT<\/span>\n\t\t\t\t\t<\/span>\n\t\t\t\t\t<\/a>\n\t\t\t\t<\/div>\n\t\t\t\t\t\t\t\t<\/div>\n\t\t\t\t<\/div>\n\t\t\t\t\t<\/div>\n\t\t\t\t<\/div>\n\t\t\t\t<\/div>","protected":false},"excerpt":{"rendered":"<p>WHY DO A SEASONAL JOB? Our seasonal job program is not intended for people looking for a job opportunity abroad, it is for all people who want to live an incredible and unforgettable work experience overseas. This experience that you won&#8217;t soon forget is a way to greatly enhance your CV, to improve your English [&hellip;]<\/p>","protected":false},"author":1,"featured_media":0,"parent":0,"menu_order":0,"comment_status":"closed","ping_status":"closed","template":"elementor_header_footer","meta":{"footnotes":""},"class_list":["post-185","page","type-page","status-publish","hentry"],"blocksy_meta":[],"_links":{"self":[{"href":"https:\/\/agirindonesie.com\/fr\/wp-json\/wp\/v2\/pages\/185","targetHints":{"allow":["GET"]}}],"collection":[{"href":"https:\/\/agirindonesie.com\/fr\/wp-json\/wp\/v2\/pages"}],"about":[{"href":"https:\/\/agirindonesie.com\/fr\/wp-json\/wp\/v2\/types\/page"}],"author":[{"embeddable":true,"href":"https:\/\/agirindonesie.com\/fr\/wp-json\/wp\/v2\/users\/1"}],"replies":[{"embeddable":true,"href":"https:\/\/agirindonesie.com\/fr\/wp-json\/wp\/v2\/comments?post=185"}],"version-history":[{"count":170,"href":"https:\/\/agirindonesie.com\/fr\/wp-json\/wp\/v2\/pages\/185\/revisions"}],"predecessor-version":[{"id":3502,"href":"https:\/\/agirindonesie.com\/fr\/wp-json\/wp\/v2\/pages\/185\/revisions\/3502"}],"wp:attachment":[{"href":"https:\/\/agirindonesie.com\/fr\/wp-json\/wp\/v2\/media?parent=185"}],"curies":[{"name":"wp","href":"https:\/\/api.w.org\/{rel}","templated":true}]}}