{"id":18,"date":"2023-11-29T13:47:00","date_gmt":"2023-11-29T06:47:00","guid":{"rendered":"https:\/\/agirindonesie.com\/?page_id=18"},"modified":"2023-12-20T13:13:35","modified_gmt":"2023-12-20T06:13:35","slug":"candidates","status":"publish","type":"page","link":"https:\/\/agirindonesie.com\/fr\/candidates\/","title":{"rendered":"CANDIDATS"},"content":{"rendered":"<div data-elementor-type=\"wp-page\" data-elementor-id=\"18\" class=\"elementor elementor-18\" data-elementor-post-type=\"page\">\n\t\t\t\t<div class=\"elementor-element elementor-element-8b5743a e-con-full animated-slow e-flex elementor-invisible e-con e-parent\" data-id=\"8b5743a\" data-element_type=\"container\" data-settings=\"{&quot;background_background&quot;:&quot;classic&quot;,&quot;animation&quot;:&quot;fadeInUp&quot;}\">\n\t\t\t\t<div class=\"elementor-element elementor-element-9d5067f animated-slow elementor-invisible elementor-widget elementor-widget-heading\" data-id=\"9d5067f\" data-element_type=\"widget\" data-settings=\"{&quot;_animation&quot;:&quot;fadeInUp&quot;}\" data-widget_type=\"heading.default\">\n\t\t\t\t<div class=\"elementor-widget-container\">\n\t\t\t\t\t<h2 class=\"elementor-heading-title elementor-size-medium\">POURQUOI NOUS ?<\/h2>\t\t\t\t<\/div>\n\t\t\t\t<\/div>\n\t\t\t\t<\/div>\n\t\t<div class=\"elementor-element elementor-element-74a3ff0 e-con-full animated-slow e-flex elementor-invisible e-con e-parent\" data-id=\"74a3ff0\" data-element_type=\"container\" data-settings=\"{&quot;animation&quot;:&quot;fadeInUp&quot;}\">\n\t\t<div class=\"elementor-element elementor-element-f36f635 e-con-full e-flex e-con e-child\" data-id=\"f36f635\" data-element_type=\"container\">\n\t\t\t\t<div class=\"elementor-element elementor-element-f6ffa0f elementor-widget__width-initial elementor-arrows-position-outside elementor-pagination-position-inside elementor-widget elementor-widget-image-carousel\" data-id=\"f6ffa0f\" data-element_type=\"widget\" data-settings=\"{&quot;slides_to_show&quot;:&quot;1&quot;,&quot;navigation&quot;:&quot;both&quot;,&quot;autoplay&quot;:&quot;yes&quot;,&quot;pause_on_hover&quot;:&quot;yes&quot;,&quot;pause_on_interaction&quot;:&quot;yes&quot;,&quot;autoplay_speed&quot;:5000,&quot;infinite&quot;:&quot;yes&quot;,&quot;effect&quot;:&quot;slide&quot;,&quot;speed&quot;:500}\" data-widget_type=\"image-carousel.default\">\n\t\t\t\t<div class=\"elementor-widget-container\">\n\t\t\t\t\t\t\t<div class=\"elementor-image-carousel-wrapper swiper\" role=\"region\" aria-roledescription=\"carousel\" aria-label=\"Carrousel d\u2019images\" dir=\"ltr\">\n\t\t\t<div class=\"elementor-image-carousel swiper-wrapper\" aria-live=\"off\">\n\t\t\t\t\t\t\t\t<div class=\"swiper-slide\" role=\"group\" aria-roledescription=\"slide\" aria-label=\"1 sur 6\"><figure class=\"swiper-slide-inner\"><img decoding=\"async\" class=\"swiper-slide-image\" src=\"https:\/\/agirindonesie.com\/wp-content\/uploads\/elementor\/thumbs\/WhatsApp-Image-2023-11-22-at-11.57.45-1-qg2fjwsy5jx0vdy5tl3jit3jlr4dwubncssflfvn2g.jpeg\" alt=\"WhatsApp Image 2023-11-22 at 11.57.45\" \/><\/figure><\/div><div class=\"swiper-slide\" role=\"group\" aria-roledescription=\"slide\" aria-label=\"2 sur 6\"><figure class=\"swiper-slide-inner\"><img decoding=\"async\" class=\"swiper-slide-image\" src=\"https:\/\/agirindonesie.com\/wp-content\/uploads\/elementor\/thumbs\/WhatsApp-Image-2023-11-04-at-09.58.17-qg2fjvv3ypvqjrziz2owybc30d90p57x0o4y45x18o.jpeg\" alt=\"WhatsApp Image 2023-11-04 at 09.58.17\" \/><\/figure><\/div><div class=\"swiper-slide\" role=\"group\" aria-roledescription=\"slide\" aria-label=\"3 sur 6\"><figure class=\"swiper-slide-inner\"><img decoding=\"async\" class=\"swiper-slide-image\" src=\"https:\/\/agirindonesie.com\/wp-content\/uploads\/elementor\/thumbs\/WhatsApp-Image-2023-11-27-at-10.01.10-qgbhjpwpkbcra115xyc6atg05std7fo3vnpdf92u14.jpeg\" alt=\"WhatsApp Image 2023-11-27 at 10.01.10\" \/><\/figure><\/div><div class=\"swiper-slide\" role=\"group\" aria-roledescription=\"slide\" aria-label=\"4 sur 6\"><figure class=\"swiper-slide-inner\"><img decoding=\"async\" class=\"swiper-slide-image\" src=\"https:\/\/agirindonesie.com\/wp-content\/uploads\/elementor\/thumbs\/WhatsApp-Image-2023-12-04-at-16.20.57-2-qgbhjqujr5e1lmzssgqsvb7gr6oqf4ru7scuwj1fuw.jpeg\" alt=\"WhatsApp Image 2023-12-04 at 16.20.57 (2)\" \/><\/figure><\/div><div class=\"swiper-slide\" role=\"group\" aria-roledescription=\"slide\" aria-label=\"5 sur 6\"><figure class=\"swiper-slide-inner\"><img decoding=\"async\" class=\"swiper-slide-image\" src=\"https:\/\/agirindonesie.com\/wp-content\/uploads\/elementor\/thumbs\/WhatsApp-Image-2023-12-04-at-16.20.57-1-qgbhjrsdxzfbx8yfmz5ffsyxckk3mtvkjx0cdt01oo.jpeg\" alt=\"WhatsApp Image 2023-12-04 at 16.20.57 (1)\" \/><\/figure><\/div><div class=\"swiper-slide\" role=\"group\" aria-roledescription=\"slide\" aria-label=\"6 sur 6\"><figure class=\"swiper-slide-inner\"><img decoding=\"async\" class=\"swiper-slide-image\" src=\"https:\/\/agirindonesie.com\/wp-content\/uploads\/elementor\/thumbs\/WhatsApp-Image-2023-12-04-at-16.20.57-qgbhjrsdxzfbx8yfmz5ffsyxckk3mtvkjx0cdt01oo.jpeg\" alt=\"WhatsApp Image 2023-12-04 at 16.20.57\" \/><\/figure><\/div>\t\t\t<\/div>\n\t\t\t\t\t\t\t\t\t\t\t\t<div class=\"elementor-swiper-button elementor-swiper-button-prev\" role=\"button\" tabindex=\"0\">\n\t\t\t\t\t\t<svg aria-hidden=\"true\" class=\"e-font-icon-svg e-eicon-chevron-left\" viewbox=\"0 0 1000 1000\" xmlns=\"http:\/\/www.w3.org\/2000\/svg\"><path d=\"M646 125C629 125 613 133 604 142L308 442C296 454 292 471 292 487 292 504 296 521 308 533L604 854C617 867 629 875 646 875 663 875 679 871 692 858 704 846 713 829 713 812 713 796 708 779 692 767L438 487 692 225C700 217 708 204 708 187 708 171 704 154 692 142 675 129 663 125 646 125Z\"><\/path><\/svg>\t\t\t\t\t<\/div>\n\t\t\t\t\t<div class=\"elementor-swiper-button elementor-swiper-button-next\" role=\"button\" tabindex=\"0\">\n\t\t\t\t\t\t<svg aria-hidden=\"true\" class=\"e-font-icon-svg e-eicon-chevron-right\" viewbox=\"0 0 1000 1000\" xmlns=\"http:\/\/www.w3.org\/2000\/svg\"><path d=\"M696 533C708 521 713 504 713 487 713 471 708 454 696 446L400 146C388 133 375 125 354 125 338 125 325 129 313 142 300 154 292 171 292 187 292 204 296 221 308 233L563 492 304 771C292 783 288 800 288 817 288 833 296 850 308 863 321 871 338 875 354 875 371 875 388 867 400 854L696 533Z\"><\/path><\/svg>\t\t\t\t\t<\/div>\n\t\t\t\t\n\t\t\t\t\t\t\t\t\t<div class=\"swiper-pagination\"><\/div>\n\t\t\t\t\t\t\t\t\t<\/div>\n\t\t\t\t\t\t<\/div>\n\t\t\t\t<\/div>\n\t\t\t\t<\/div>\n\t\t<div class=\"elementor-element elementor-element-ee734a7 e-con-full e-flex e-con e-child\" data-id=\"ee734a7\" data-element_type=\"container\">\n\t\t<div class=\"elementor-element elementor-element-deeb899 e-flex e-con-boxed e-con e-child\" data-id=\"deeb899\" data-element_type=\"container\">\n\t\t\t\t\t<div class=\"e-con-inner\">\n\t\t\t\t<div class=\"elementor-element elementor-element-b1d432e elementor-widget__width-initial elementor-widget elementor-widget-text-editor\" data-id=\"b1d432e\" data-element_type=\"widget\" data-widget_type=\"text-editor.default\">\n\t\t\t\t<div class=\"elementor-widget-container\">\n\t\t\t\t\t\t\t\t\t<p>Nous faisons tout pour assurer votre satisfaction et pointer vos faiblesses afin de mettre toutes les chances de votre c\u00f4t\u00e9. Nous vous assistons jusqu'\u00e0 ce que vous puissiez r\u00e9aliser votre objectif. Une fois que vous avez pass\u00e9 avec succ\u00e8s l'entretien et avant le d\u00e9part, notre \u00e9quipe apporte un soutien personnalis\u00e9 \u00e0 chacun d'entre vous pour l'obtention du visa et l'achat du billet d'avion.\u00a0<\/p><p><span style=\"font-size: inherit; text-align: inherit; font-family: var(--theme-font-family); font-style: var(--theme-font-style, inherit); letter-spacing: var(--theme-letter-spacing); text-transform: var(--theme-text-transform); background-color: var(--theme-palette-color-7); text-decoration: var(--theme-text-decoration);\">Nous nous assurons que la nourriture est aussi proche que possible de vos habitudes alimentaires, un peu de riz, des plats \u00e9pic\u00e9s, etc. Nous mettons en contact tous nos membres afin d'organiser \u00e9ventuellement des r\u00e9unions les jours de cong\u00e9. Une assistance t\u00e9l\u00e9phonique est disponible et une visite sera effectu\u00e9e pour s'assurer du bien-\u00eatre et de la satisfaction de tous.<\/span><\/p>\t\t\t\t\t\t\t\t<\/div>\n\t\t\t\t<\/div>\n\t\t\t\t\t<\/div>\n\t\t\t\t<\/div>\n\t\t<div class=\"elementor-element elementor-element-78d9b15 e-flex e-con-boxed e-con e-child\" data-id=\"78d9b15\" data-element_type=\"container\">\n\t\t\t\t\t<div class=\"e-con-inner\">\n\t\t<div class=\"elementor-element elementor-element-3ffc56a e-flex e-con-boxed e-con e-child\" data-id=\"3ffc56a\" data-element_type=\"container\">\n\t\t\t\t\t<div class=\"e-con-inner\">\n\t\t\t\t<div class=\"elementor-element elementor-element-9c1554d elementor-align-left elementor-widget__width-initial elementor-widget elementor-widget-button\" data-id=\"9c1554d\" data-element_type=\"widget\" data-widget_type=\"button.default\">\n\t\t\t\t<div class=\"elementor-widget-container\">\n\t\t\t\t\t\t\t\t\t<div class=\"elementor-button-wrapper\">\n\t\t\t\t\t<a class=\"elementor-button elementor-button-link elementor-size-sm\" href=\"https:\/\/agirindonesie.com\/fr\/contact\/\">\n\t\t\t\t\t\t<span class=\"elementor-button-content-wrapper\">\n\t\t\t\t\t\t\t\t\t<span class=\"elementor-button-text\">REJOINDRE AGIR INDONESIE MAINTENANT<\/span>\n\t\t\t\t\t<\/span>\n\t\t\t\t\t<\/a>\n\t\t\t\t<\/div>\n\t\t\t\t\t\t\t\t<\/div>\n\t\t\t\t<\/div>\n\t\t\t\t\t<\/div>\n\t\t\t\t<\/div>\n\t\t\t\t\t<\/div>\n\t\t\t\t<\/div>\n\t\t\t\t<\/div>\n\t\t\t\t<\/div>\n\t\t\t\t<\/div>","protected":false},"excerpt":{"rendered":"<p>WHY US? We do everything to ensure your satisfaction and point out your weaknesses in order to put all the chances on your side. We assist you until you can reach their goal. Once you have successfully passed the interview and before departure, our team provides personalized support to each of you to obtain the [&hellip;]<\/p>","protected":false},"author":1,"featured_media":0,"parent":0,"menu_order":0,"comment_status":"closed","ping_status":"closed","template":"elementor_header_footer","meta":{"footnotes":""},"class_list":["post-18","page","type-page","status-publish","hentry"],"blocksy_meta":[],"_links":{"self":[{"href":"https:\/\/agirindonesie.com\/fr\/wp-json\/wp\/v2\/pages\/18","targetHints":{"allow":["GET"]}}],"collection":[{"href":"https:\/\/agirindonesie.com\/fr\/wp-json\/wp\/v2\/pages"}],"about":[{"href":"https:\/\/agirindonesie.com\/fr\/wp-json\/wp\/v2\/types\/page"}],"author":[{"embeddable":true,"href":"https:\/\/agirindonesie.com\/fr\/wp-json\/wp\/v2\/users\/1"}],"replies":[{"embeddable":true,"href":"https:\/\/agirindonesie.com\/fr\/wp-json\/wp\/v2\/comments?post=18"}],"version-history":[{"count":107,"href":"https:\/\/agirindonesie.com\/fr\/wp-json\/wp\/v2\/pages\/18\/revisions"}],"predecessor-version":[{"id":3493,"href":"https:\/\/agirindonesie.com\/fr\/wp-json\/wp\/v2\/pages\/18\/revisions\/3493"}],"wp:attachment":[{"href":"https:\/\/agirindonesie.com\/fr\/wp-json\/wp\/v2\/media?parent=18"}],"curies":[{"name":"wp","href":"https:\/\/api.w.org\/{rel}","templated":true}]}}