{"id":179,"date":"2023-11-29T21:41:17","date_gmt":"2023-11-29T14:41:17","guid":{"rendered":"https:\/\/agirindonesie.com\/?page_id=179"},"modified":"2023-12-20T09:29:52","modified_gmt":"2023-12-20T02:29:52","slug":"terms-conditions","status":"publish","type":"page","link":"https:\/\/agirindonesie.com\/fr\/terms-conditions\/","title":{"rendered":"Termes &amp; conditions"},"content":{"rendered":"<div data-elementor-type=\"wp-page\" data-elementor-id=\"179\" class=\"elementor elementor-179\" data-elementor-post-type=\"page\">\n\t\t\t\t<div class=\"elementor-element elementor-element-9bc345c e-con-full animated-slow e-flex e-con e-parent\" data-id=\"9bc345c\" data-element_type=\"container\" data-settings=\"{&quot;background_background&quot;:&quot;classic&quot;,&quot;animation&quot;:&quot;none&quot;}\">\n\t\t\t\t<div class=\"elementor-element elementor-element-3332f24 animated-slow elementor-invisible elementor-widget elementor-widget-heading\" data-id=\"3332f24\" data-element_type=\"widget\" data-settings=\"{&quot;_animation&quot;:&quot;fadeInUp&quot;}\" data-widget_type=\"heading.default\">\n\t\t\t\t<div class=\"elementor-widget-container\">\n\t\t\t\t\t<h5 class=\"elementor-heading-title elementor-size-medium\">TERMES &amp; CONDITIONS<\/h5>\t\t\t\t<\/div>\n\t\t\t\t<\/div>\n\t\t\t\t<\/div>\n\t\t<div class=\"elementor-element elementor-element-1d03764 e-con-full animated-slow e-flex e-con e-parent\" data-id=\"1d03764\" data-element_type=\"container\" data-settings=\"{&quot;background_background&quot;:&quot;classic&quot;,&quot;animation&quot;:&quot;none&quot;}\">\n\t\t\t\t<\/div>\n\t\t<div class=\"elementor-element elementor-element-eb878cd animated-slow e-flex e-con-boxed elementor-invisible e-con e-parent\" data-id=\"eb878cd\" data-element_type=\"container\" data-settings=\"{&quot;animation&quot;:&quot;fadeInUp&quot;}\">\n\t\t\t\t\t<div class=\"e-con-inner\">\n\t\t<div class=\"elementor-element elementor-element-16e9d77 e-con-full e-flex e-con e-child\" data-id=\"16e9d77\" data-element_type=\"container\">\n\t\t\t\t<div class=\"elementor-element elementor-element-5af0b9f elementor-widget__width-initial elementor-widget elementor-widget-text-editor\" data-id=\"5af0b9f\" data-element_type=\"widget\" data-widget_type=\"text-editor.default\">\n\t\t\t\t<div class=\"elementor-widget-container\">\n\t\t\t\t\t\t\t\t\t<p>Gratuit pour l'employeur, le travailleur paiera les frais des formalit\u00e9s de visa en Indon\u00e9sie, mais l'employeur est libre de donner une prime \u00e0 la fin du contrat pour rembourser le co\u00fbt du visa et du billet d'avion.<\/p><p>Nous aiderons l'employeur \u00e0 remplir les formalit\u00e9s de visa dans son propre pays et nous nous occuperons des formalit\u00e9s de visa en Indon\u00e9sie.<\/p><p><em><strong>Nous ne pouvons g\u00e9rer tous les processus de formalit\u00e9s de visa qu'en France.<\/strong><\/em><\/p><p>Nous devons formaliser notre partenariat au moyen d'un accord de recrutement, d'une procuration, d'un mod\u00e8le de contrat de travail et d'une lettre de mise en demeure.<\/p>\t\t\t\t\t\t\t\t<\/div>\n\t\t\t\t<\/div>\n\t\t\t\t<\/div>\n\t\t\t\t\t<\/div>\n\t\t\t\t<\/div>\n\t\t\t\t<\/div>","protected":false},"excerpt":{"rendered":"<p>TERMS &#038; CONDITIONS Free of charge for the employer side, the employee will pay the costs of the visa formalities in Indonesia but the employer is free to give a bonus at the end of the contract to refund the cost of the visa and ticket plane. We will assist the employer for the processing [&hellip;]<\/p>","protected":false},"author":1,"featured_media":0,"parent":0,"menu_order":0,"comment_status":"closed","ping_status":"closed","template":"elementor_header_footer","meta":{"footnotes":""},"class_list":["post-179","page","type-page","status-publish","hentry"],"blocksy_meta":[],"_links":{"self":[{"href":"https:\/\/agirindonesie.com\/fr\/wp-json\/wp\/v2\/pages\/179","targetHints":{"allow":["GET"]}}],"collection":[{"href":"https:\/\/agirindonesie.com\/fr\/wp-json\/wp\/v2\/pages"}],"about":[{"href":"https:\/\/agirindonesie.com\/fr\/wp-json\/wp\/v2\/types\/page"}],"author":[{"embeddable":true,"href":"https:\/\/agirindonesie.com\/fr\/wp-json\/wp\/v2\/users\/1"}],"replies":[{"embeddable":true,"href":"https:\/\/agirindonesie.com\/fr\/wp-json\/wp\/v2\/comments?post=179"}],"version-history":[{"count":92,"href":"https:\/\/agirindonesie.com\/fr\/wp-json\/wp\/v2\/pages\/179\/revisions"}],"predecessor-version":[{"id":3431,"href":"https:\/\/agirindonesie.com\/fr\/wp-json\/wp\/v2\/pages\/179\/revisions\/3431"}],"wp:attachment":[{"href":"https:\/\/agirindonesie.com\/fr\/wp-json\/wp\/v2\/media?parent=179"}],"curies":[{"name":"wp","href":"https:\/\/api.w.org\/{rel}","templated":true}]}}