{"id":175,"date":"2023-11-29T21:40:39","date_gmt":"2023-11-29T14:40:39","guid":{"rendered":"https:\/\/agirindonesie.com\/?page_id=175"},"modified":"2023-12-20T09:47:06","modified_gmt":"2023-12-20T02:47:06","slug":"provide-the-best-candidates","status":"publish","type":"page","link":"https:\/\/agirindonesie.com\/fr\/provide-the-best-candidates\/","title":{"rendered":"Fournit les meilleurs candidats"},"content":{"rendered":"<div data-elementor-type=\"wp-page\" data-elementor-id=\"175\" class=\"elementor elementor-175\" data-elementor-post-type=\"page\">\n\t\t\t\t<div class=\"elementor-element elementor-element-20a821a e-con-full animated-slow e-flex elementor-invisible e-con e-parent\" data-id=\"20a821a\" data-element_type=\"container\" data-settings=\"{&quot;background_background&quot;:&quot;classic&quot;,&quot;animation&quot;:&quot;fadeInUp&quot;}\">\n\t\t\t\t<div class=\"elementor-element elementor-element-2ff391a animated-slow elementor-invisible elementor-widget elementor-widget-heading\" data-id=\"2ff391a\" data-element_type=\"widget\" data-settings=\"{&quot;_animation&quot;:&quot;fadeInUp&quot;}\" data-widget_type=\"heading.default\">\n\t\t\t\t<div class=\"elementor-widget-container\">\n\t\t\t\t\t<h5 class=\"elementor-heading-title elementor-size-default\">FOURNIR LES MEILLEURS CANDIDATS<\/h5>\t\t\t\t<\/div>\n\t\t\t\t<\/div>\n\t\t\t\t<\/div>\n\t\t<div class=\"elementor-element elementor-element-3393567 animated-slow e-flex e-con-boxed elementor-invisible e-con e-parent\" data-id=\"3393567\" data-element_type=\"container\" data-settings=\"{&quot;animation&quot;:&quot;fadeInUp&quot;}\">\n\t\t\t\t\t<div class=\"e-con-inner\">\n\t\t<div class=\"elementor-element elementor-element-b5f0fef e-con-full e-flex e-con e-child\" data-id=\"b5f0fef\" data-element_type=\"container\">\n\t\t\t\t<div class=\"elementor-element elementor-element-322fc80 elementor-widget__width-initial animated-slow elementor-invisible elementor-widget elementor-widget-text-editor\" data-id=\"322fc80\" data-element_type=\"widget\" data-settings=\"{&quot;_animation&quot;:&quot;fadeInUp&quot;}\" data-widget_type=\"text-editor.default\">\n\t\t\t\t<div class=\"elementor-widget-container\">\n\t\t\t\t\t\t\t\t\t<p>Nous recrutons des candidats pour un travail saisonnier dans les h\u00f4tels de luxe, les grands h\u00f4tels de vill\u00e9giature, les complexes de villas de luxe, les immeubles d'appartements de luxe, les restaurants gastronomiques et les bateaux de croisi\u00e8re.<\/p><p>Nous restons en contact \u00e9troit avec vous et nos candidats \u00e0 tous les stades du processus de s\u00e9lection, en vous communiquant les commentaires, les r\u00e9actions, les r\u00e9flexions, les points positifs et n\u00e9gatifs des candidats.<\/p><p>Vous trouverez aussi notre suivi apr\u00e8s le rendez-vous tout aussi attentif, puisque nous resterons en contact avec vous et votre candidat tout au long de son s\u00e9jour dans votre h\u00f4tel. Nous pouvons r\u00e9pondre \u00e0 toutes vos questions pendant cette p\u00e9riode.<\/p>\t\t\t\t\t\t\t\t<\/div>\n\t\t\t\t<\/div>\n\t\t\t\t<\/div>\n\t\t<div class=\"elementor-element elementor-element-0a96528 e-con-full e-flex e-con e-child\" data-id=\"0a96528\" data-element_type=\"container\">\n\t\t\t\t<div class=\"elementor-element elementor-element-056de60 elementor-widget__width-initial elementor-arrows-position-outside elementor-pagination-position-outside elementor-invisible elementor-widget elementor-widget-image-carousel\" data-id=\"056de60\" data-element_type=\"widget\" data-settings=\"{&quot;slides_to_show&quot;:&quot;1&quot;,&quot;_animation&quot;:&quot;fadeIn&quot;,&quot;navigation&quot;:&quot;both&quot;,&quot;autoplay&quot;:&quot;yes&quot;,&quot;pause_on_hover&quot;:&quot;yes&quot;,&quot;pause_on_interaction&quot;:&quot;yes&quot;,&quot;autoplay_speed&quot;:5000,&quot;infinite&quot;:&quot;yes&quot;,&quot;effect&quot;:&quot;slide&quot;,&quot;speed&quot;:500}\" data-widget_type=\"image-carousel.default\">\n\t\t\t\t<div class=\"elementor-widget-container\">\n\t\t\t\t\t\t\t<div class=\"elementor-image-carousel-wrapper swiper\" role=\"region\" aria-roledescription=\"carousel\" aria-label=\"Carrousel d\u2019images\" dir=\"ltr\">\n\t\t\t<div class=\"elementor-image-carousel swiper-wrapper swiper-image-stretch\" aria-live=\"off\">\n\t\t\t\t\t\t\t\t<div class=\"swiper-slide\" role=\"group\" aria-roledescription=\"slide\" aria-label=\"1 sur 7\"><figure class=\"swiper-slide-inner\"><img decoding=\"async\" class=\"swiper-slide-image\" src=\"https:\/\/agirindonesie.com\/wp-content\/uploads\/elementor\/thumbs\/Snapinsta.app_331596320_934592411053529_9160292680520581878_n_1080-qg3wfrymw45ypyh7l1iycvhayp7lmljcs24i2qzy4o.jpg\" alt=\"Snapinsta.app_331596320_934592411053529_9160292680520581878_n_1080\" \/><\/figure><\/div><div class=\"swiper-slide\" role=\"group\" aria-roledescription=\"slide\" aria-label=\"2 sur 7\"><figure class=\"swiper-slide-inner\"><img decoding=\"async\" class=\"swiper-slide-image\" src=\"https:\/\/agirindonesie.com\/wp-content\/uploads\/elementor\/thumbs\/Snapinsta.app_319791778_693860215513202_7003030224860895931_n_1080-qg3wfrymw45ypyh7l1iycvhayp7lmljcs24i2qzy4o.jpg\" alt=\"Snapinsta.app_319791778_693860215513202_7003030224860895931_n_1080\" \/><\/figure><\/div><div class=\"swiper-slide\" role=\"group\" aria-roledescription=\"slide\" aria-label=\"3 sur 7\"><figure class=\"swiper-slide-inner\"><img decoding=\"async\" class=\"swiper-slide-image\" src=\"https:\/\/agirindonesie.com\/wp-content\/uploads\/elementor\/thumbs\/Snapinsta.app_279920881_702938840761564_3149816792668678631_n_1080-qgbeel20z6hbvnd7kjtpov7q78fxqxj5zoygzatoy0.jpg\" alt=\"Snapinsta.app_279920881_702938840761564_3149816792668678631_n_1080\" \/><\/figure><\/div><div class=\"swiper-slide\" role=\"group\" aria-roledescription=\"slide\" aria-label=\"4 sur 7\"><figure class=\"swiper-slide-inner\"><img decoding=\"async\" class=\"swiper-slide-image\" src=\"https:\/\/agirindonesie.com\/wp-content\/uploads\/elementor\/thumbs\/Snapinsta.app_279939094_132982979317454_6437630199346084806_n_1080-qgbeel20z6hbvnd7kjtpov7q78fxqxj5zoygzatoy0.jpg\" alt=\"Snapinsta.app_279939094_132982979317454_6437630199346084806_n_1080\" \/><\/figure><\/div><div class=\"swiper-slide\" role=\"group\" aria-roledescription=\"slide\" aria-label=\"5 sur 7\"><figure class=\"swiper-slide-inner\"><img decoding=\"async\" class=\"swiper-slide-image\" src=\"https:\/\/agirindonesie.com\/wp-content\/uploads\/elementor\/thumbs\/Snapinsta.app_280056057_703415560779160_628179411748448225_n_1080-qgbeemxpcujwivah9kmytuqne06o6bqmny9fxuqwlk.jpg\" alt=\"Snapinsta.app_280056057_703415560779160_628179411748448225_n_1080\" \/><\/figure><\/div><div class=\"swiper-slide\" role=\"group\" aria-roledescription=\"slide\" aria-label=\"6 sur 7\"><figure class=\"swiper-slide-inner\"><img decoding=\"async\" class=\"swiper-slide-image\" src=\"https:\/\/agirindonesie.com\/wp-content\/uploads\/elementor\/thumbs\/Snapinsta.app_280648540_705451437399815_6252851026278351647_n_1080-qgbeemxpcujwivah9kmytuqne06o6bqmny9fxuqwlk.jpg\" alt=\"Snapinsta.app_280648540_705451437399815_6252851026278351647_n_1080\" \/><\/figure><\/div><div class=\"swiper-slide\" role=\"group\" aria-roledescription=\"slide\" aria-label=\"7 sur 7\"><figure class=\"swiper-slide-inner\"><img decoding=\"async\" class=\"swiper-slide-image\" src=\"https:\/\/agirindonesie.com\/wp-content\/uploads\/elementor\/thumbs\/Snapinsta.app_280177572_2898256167130904_7445568967486559591_n_1080-qgbexxkfneysup9hlew9ihgadr2x6nc9ngd9lc4yvc.jpg\" alt=\"Snapinsta.app_280177572_2898256167130904_7445568967486559591_n_1080\" \/><\/figure><\/div>\t\t\t<\/div>\n\t\t\t\t\t\t\t\t\t\t\t\t<div class=\"elementor-swiper-button elementor-swiper-button-prev\" role=\"button\" tabindex=\"0\">\n\t\t\t\t\t\t<svg aria-hidden=\"true\" class=\"e-font-icon-svg e-eicon-chevron-left\" viewbox=\"0 0 1000 1000\" xmlns=\"http:\/\/www.w3.org\/2000\/svg\"><path d=\"M646 125C629 125 613 133 604 142L308 442C296 454 292 471 292 487 292 504 296 521 308 533L604 854C617 867 629 875 646 875 663 875 679 871 692 858 704 846 713 829 713 812 713 796 708 779 692 767L438 487 692 225C700 217 708 204 708 187 708 171 704 154 692 142 675 129 663 125 646 125Z\"><\/path><\/svg>\t\t\t\t\t<\/div>\n\t\t\t\t\t<div class=\"elementor-swiper-button elementor-swiper-button-next\" role=\"button\" tabindex=\"0\">\n\t\t\t\t\t\t<svg aria-hidden=\"true\" class=\"e-font-icon-svg e-eicon-chevron-right\" viewbox=\"0 0 1000 1000\" xmlns=\"http:\/\/www.w3.org\/2000\/svg\"><path d=\"M696 533C708 521 713 504 713 487 713 471 708 454 696 446L400 146C388 133 375 125 354 125 338 125 325 129 313 142 300 154 292 171 292 187 292 204 296 221 308 233L563 492 304 771C292 783 288 800 288 817 288 833 296 850 308 863 321 871 338 875 354 875 371 875 388 867 400 854L696 533Z\"><\/path><\/svg>\t\t\t\t\t<\/div>\n\t\t\t\t\n\t\t\t\t\t\t\t\t\t<div class=\"swiper-pagination\"><\/div>\n\t\t\t\t\t\t\t\t\t<\/div>\n\t\t\t\t\t\t<\/div>\n\t\t\t\t<\/div>\n\t\t\t\t<\/div>\n\t\t\t\t\t<\/div>\n\t\t\t\t<\/div>\n\t\t\t\t<\/div>","protected":false},"excerpt":{"rendered":"<p>PROVIDE THE BEST CANDIDATES We recruit candidates for an seasonal worker in luxury hotels, large resort hotels, luxury villa complexes, luxury apartment buildings, gourmet restaurants and cruise ships. We will maintain close contact with you and our candidates at all stages of the selection process, providing you with the candidate&#8217;s comments, reactions, thoughts, positives and [&hellip;]<\/p>","protected":false},"author":1,"featured_media":0,"parent":0,"menu_order":0,"comment_status":"closed","ping_status":"closed","template":"elementor_header_footer","meta":{"footnotes":""},"class_list":["post-175","page","type-page","status-publish","hentry"],"blocksy_meta":[],"_links":{"self":[{"href":"https:\/\/agirindonesie.com\/fr\/wp-json\/wp\/v2\/pages\/175","targetHints":{"allow":["GET"]}}],"collection":[{"href":"https:\/\/agirindonesie.com\/fr\/wp-json\/wp\/v2\/pages"}],"about":[{"href":"https:\/\/agirindonesie.com\/fr\/wp-json\/wp\/v2\/types\/page"}],"author":[{"embeddable":true,"href":"https:\/\/agirindonesie.com\/fr\/wp-json\/wp\/v2\/users\/1"}],"replies":[{"embeddable":true,"href":"https:\/\/agirindonesie.com\/fr\/wp-json\/wp\/v2\/comments?post=175"}],"version-history":[{"count":140,"href":"https:\/\/agirindonesie.com\/fr\/wp-json\/wp\/v2\/pages\/175\/revisions"}],"predecessor-version":[{"id":3487,"href":"https:\/\/agirindonesie.com\/fr\/wp-json\/wp\/v2\/pages\/175\/revisions\/3487"}],"wp:attachment":[{"href":"https:\/\/agirindonesie.com\/fr\/wp-json\/wp\/v2\/media?parent=175"}],"curies":[{"name":"wp","href":"https:\/\/api.w.org\/{rel}","templated":true}]}}