{"id":17,"date":"2023-11-29T13:47:00","date_gmt":"2023-11-29T06:47:00","guid":{"rendered":"https:\/\/agirindonesie.com\/?page_id=17"},"modified":"2023-12-20T09:39:04","modified_gmt":"2023-12-20T02:39:04","slug":"employers","status":"publish","type":"page","link":"https:\/\/agirindonesie.com\/fr\/employers\/","title":{"rendered":"EMPLOYEURS"},"content":{"rendered":"<div data-elementor-type=\"wp-page\" data-elementor-id=\"17\" class=\"elementor elementor-17\" data-elementor-post-type=\"page\">\n\t\t\t\t<div class=\"elementor-element elementor-element-01262dd e-con-full animated-slow e-flex elementor-invisible e-con e-parent\" data-id=\"01262dd\" data-element_type=\"container\" data-settings=\"{&quot;background_background&quot;:&quot;classic&quot;,&quot;animation&quot;:&quot;fadeInUp&quot;}\">\n\t\t\t\t<div class=\"elementor-element elementor-element-2e6dd0a animated-slow elementor-invisible elementor-widget elementor-widget-heading\" data-id=\"2e6dd0a\" data-element_type=\"widget\" data-settings=\"{&quot;_animation&quot;:&quot;fadeInUp&quot;}\" data-widget_type=\"heading.default\">\n\t\t\t\t<div class=\"elementor-widget-container\">\n\t\t\t\t\t<h5 class=\"elementor-heading-title elementor-size-medium\">POURQUOI NOUS ?<\/h5>\t\t\t\t<\/div>\n\t\t\t\t<\/div>\n\t\t\t\t<\/div>\n\t\t<div class=\"elementor-element elementor-element-52830ad e-con-full animated-slow e-flex elementor-invisible e-con e-parent\" data-id=\"52830ad\" data-element_type=\"container\" data-settings=\"{&quot;animation&quot;:&quot;fadeInUp&quot;}\">\n\t\t<div class=\"elementor-element elementor-element-ab60687 e-con-full e-flex e-con e-child\" data-id=\"ab60687\" data-element_type=\"container\">\n\t\t\t\t<div class=\"elementor-element elementor-element-10567b7 elementor-widget__width-initial elementor-widget-mobile__width-initial elementor-arrows-position-outside elementor-pagination-position-outside elementor-widget elementor-widget-image-carousel\" data-id=\"10567b7\" data-element_type=\"widget\" data-settings=\"{&quot;slides_to_show&quot;:&quot;1&quot;,&quot;navigation&quot;:&quot;both&quot;,&quot;autoplay&quot;:&quot;yes&quot;,&quot;pause_on_hover&quot;:&quot;yes&quot;,&quot;pause_on_interaction&quot;:&quot;yes&quot;,&quot;autoplay_speed&quot;:5000,&quot;infinite&quot;:&quot;yes&quot;,&quot;effect&quot;:&quot;slide&quot;,&quot;speed&quot;:500}\" data-widget_type=\"image-carousel.default\">\n\t\t\t\t<div class=\"elementor-widget-container\">\n\t\t\t\t\t\t\t<div class=\"elementor-image-carousel-wrapper swiper\" role=\"region\" aria-roledescription=\"carousel\" aria-label=\"Carrousel d\u2019images\" dir=\"ltr\">\n\t\t\t<div class=\"elementor-image-carousel swiper-wrapper\" aria-live=\"off\">\n\t\t\t\t\t\t\t\t<div class=\"swiper-slide\" role=\"group\" aria-roledescription=\"slide\" aria-label=\"1 sur 3\"><figure class=\"swiper-slide-inner\"><img decoding=\"async\" class=\"swiper-slide-image\" src=\"https:\/\/agirindonesie.com\/wp-content\/uploads\/2023\/12\/why-us-1-768x768.jpg\" alt=\"why us 1\" \/><\/figure><\/div><div class=\"swiper-slide\" role=\"group\" aria-roledescription=\"slide\" aria-label=\"2 sur 3\"><figure class=\"swiper-slide-inner\"><img decoding=\"async\" class=\"swiper-slide-image\" src=\"https:\/\/agirindonesie.com\/wp-content\/uploads\/2023\/12\/why-us-2-768x768.jpg\" alt=\"why us 2\" \/><\/figure><\/div><div class=\"swiper-slide\" role=\"group\" aria-roledescription=\"slide\" aria-label=\"3 sur 3\"><figure class=\"swiper-slide-inner\"><img decoding=\"async\" class=\"swiper-slide-image\" src=\"https:\/\/agirindonesie.com\/wp-content\/uploads\/2023\/12\/why-us-4-768x768.jpg\" alt=\"why us 4\" \/><\/figure><\/div>\t\t\t<\/div>\n\t\t\t\t\t\t\t\t\t\t\t\t<div class=\"elementor-swiper-button elementor-swiper-button-prev\" role=\"button\" tabindex=\"0\">\n\t\t\t\t\t\t<svg aria-hidden=\"true\" class=\"e-font-icon-svg e-eicon-chevron-left\" viewbox=\"0 0 1000 1000\" xmlns=\"http:\/\/www.w3.org\/2000\/svg\"><path d=\"M646 125C629 125 613 133 604 142L308 442C296 454 292 471 292 487 292 504 296 521 308 533L604 854C617 867 629 875 646 875 663 875 679 871 692 858 704 846 713 829 713 812 713 796 708 779 692 767L438 487 692 225C700 217 708 204 708 187 708 171 704 154 692 142 675 129 663 125 646 125Z\"><\/path><\/svg>\t\t\t\t\t<\/div>\n\t\t\t\t\t<div class=\"elementor-swiper-button elementor-swiper-button-next\" role=\"button\" tabindex=\"0\">\n\t\t\t\t\t\t<svg aria-hidden=\"true\" class=\"e-font-icon-svg e-eicon-chevron-right\" viewbox=\"0 0 1000 1000\" xmlns=\"http:\/\/www.w3.org\/2000\/svg\"><path d=\"M696 533C708 521 713 504 713 487 713 471 708 454 696 446L400 146C388 133 375 125 354 125 338 125 325 129 313 142 300 154 292 171 292 187 292 204 296 221 308 233L563 492 304 771C292 783 288 800 288 817 288 833 296 850 308 863 321 871 338 875 354 875 371 875 388 867 400 854L696 533Z\"><\/path><\/svg>\t\t\t\t\t<\/div>\n\t\t\t\t\n\t\t\t\t\t\t\t\t\t<div class=\"swiper-pagination\"><\/div>\n\t\t\t\t\t\t\t\t\t<\/div>\n\t\t\t\t\t\t<\/div>\n\t\t\t\t<\/div>\n\t\t\t\t<\/div>\n\t\t<div class=\"elementor-element elementor-element-61844ce e-con-full e-flex e-con e-child\" data-id=\"61844ce\" data-element_type=\"container\">\n\t\t<div class=\"elementor-element elementor-element-1338680 e-flex e-con-boxed e-con e-child\" data-id=\"1338680\" data-element_type=\"container\">\n\t\t\t\t\t<div class=\"e-con-inner\">\n\t\t\t\t<div class=\"elementor-element elementor-element-2d5befd elementor-widget__width-initial elementor-widget elementor-widget-text-editor\" data-id=\"2d5befd\" data-element_type=\"widget\" data-widget_type=\"text-editor.default\">\n\t\t\t\t<div class=\"elementor-widget-container\">\n\t\t\t\t\t\t\t\t\t<p>De nombreux professionnels du secteur pr\u00e9disent depuis longtemps le d\u00e9clin des agences, face \u00e0 la concurrence croissante des sites d'emploi et des r\u00e9seaux sociaux, mais le secteur continue de se d\u00e9velopper. \nChatGPT\nPourquoi continuer \u00e0 utiliser une agence de recrutement et quelle est la diff\u00e9rence avec nous ? C'est assez simple, nous connaissons personnellement nos candidats. Nous ne nous contentons pas de v\u00e9rifier leur formation, leur exp\u00e9rience professionnelle, leur niveau d'anglais et leur motivation lors d'un entretien Skype, nous les rencontrons en personne, les testons, approfondissons leurs connaissances et v\u00e9rifions \u00e9galement leurs caract\u00e8res, attitudes et motivations. C'est ce qui fait notre diff\u00e9rence.<\/p><p><em><strong>Nous d\u00e9veloppons des relations et nous obtenons des r\u00e9sultats.<\/strong><\/em><span class=\"wb-stl-special\">.<\/span><\/p>\t\t\t\t\t\t\t\t<\/div>\n\t\t\t\t<\/div>\n\t\t\t\t\t<\/div>\n\t\t\t\t<\/div>\n\t\t<div class=\"elementor-element elementor-element-148aa28 e-flex e-con-boxed e-con e-child\" data-id=\"148aa28\" data-element_type=\"container\">\n\t\t\t\t\t<div class=\"e-con-inner\">\n\t\t\t\t<div class=\"elementor-element elementor-element-fdb5de0 elementor-align-left elementor-widget__width-initial elementor-mobile-align-center elementor-invisible elementor-widget elementor-widget-button\" data-id=\"fdb5de0\" data-element_type=\"widget\" data-settings=\"{&quot;_animation&quot;:&quot;fadeIn&quot;}\" data-widget_type=\"button.default\">\n\t\t\t\t<div class=\"elementor-widget-container\">\n\t\t\t\t\t\t\t\t\t<div class=\"elementor-button-wrapper\">\n\t\t\t\t\t<a class=\"elementor-button elementor-button-link elementor-size-sm\" href=\"https:\/\/agirindonesie.com\/fr\/contact\/\">\n\t\t\t\t\t\t<span class=\"elementor-button-content-wrapper\">\n\t\t\t\t\t\t\t\t\t<span class=\"elementor-button-text\">REJOINDRE AGIR INDONESIE MAINTENANT<\/span>\n\t\t\t\t\t<\/span>\n\t\t\t\t\t<\/a>\n\t\t\t\t<\/div>\n\t\t\t\t\t\t\t\t<\/div>\n\t\t\t\t<\/div>\n\t\t\t\t\t<\/div>\n\t\t\t\t<\/div>\n\t\t\t\t<\/div>\n\t\t\t\t<\/div>\n\t\t\t\t<\/div>","protected":false},"excerpt":{"rendered":"<p>WHY US? Many industry professionals have long been predicting the decline of agencies, in the face of growing competition from job sites and social networking but the industry continues to grow. Why continue to use recruitment agency and what makes the difference between with us? That is pretty easy, we know personally our candidates, we [&hellip;]<\/p>","protected":false},"author":1,"featured_media":0,"parent":0,"menu_order":0,"comment_status":"closed","ping_status":"closed","template":"elementor_header_footer","meta":{"footnotes":""},"class_list":["post-17","page","type-page","status-publish","hentry"],"blocksy_meta":[],"_links":{"self":[{"href":"https:\/\/agirindonesie.com\/fr\/wp-json\/wp\/v2\/pages\/17","targetHints":{"allow":["GET"]}}],"collection":[{"href":"https:\/\/agirindonesie.com\/fr\/wp-json\/wp\/v2\/pages"}],"about":[{"href":"https:\/\/agirindonesie.com\/fr\/wp-json\/wp\/v2\/types\/page"}],"author":[{"embeddable":true,"href":"https:\/\/agirindonesie.com\/fr\/wp-json\/wp\/v2\/users\/1"}],"replies":[{"embeddable":true,"href":"https:\/\/agirindonesie.com\/fr\/wp-json\/wp\/v2\/comments?post=17"}],"version-history":[{"count":122,"href":"https:\/\/agirindonesie.com\/fr\/wp-json\/wp\/v2\/pages\/17\/revisions"}],"predecessor-version":[{"id":3465,"href":"https:\/\/agirindonesie.com\/fr\/wp-json\/wp\/v2\/pages\/17\/revisions\/3465"}],"wp:attachment":[{"href":"https:\/\/agirindonesie.com\/fr\/wp-json\/wp\/v2\/media?parent=17"}],"curies":[{"name":"wp","href":"https:\/\/api.w.org\/{rel}","templated":true}]}}