{"id":169,"date":"2023-11-29T21:39:03","date_gmt":"2023-11-29T14:39:03","guid":{"rendered":"https:\/\/agirindonesie.com\/?page_id=169"},"modified":"2023-12-20T09:24:58","modified_gmt":"2023-12-20T02:24:58","slug":"about-us","status":"publish","type":"page","link":"https:\/\/agirindonesie.com\/fr\/about-us\/","title":{"rendered":"\u00c0 propos de nous"},"content":{"rendered":"<div data-elementor-type=\"wp-page\" data-elementor-id=\"169\" class=\"elementor elementor-169\" data-elementor-post-type=\"page\">\n\t\t\t\t<div class=\"elementor-element elementor-element-e9a9718 e-con-full animated-slow e-flex elementor-invisible e-con e-parent\" data-id=\"e9a9718\" data-element_type=\"container\" data-settings=\"{&quot;background_background&quot;:&quot;classic&quot;,&quot;animation&quot;:&quot;fadeInUp&quot;}\">\n\t\t\t\t<div class=\"elementor-element elementor-element-28ac384 animated-slow elementor-invisible elementor-widget elementor-widget-heading\" data-id=\"28ac384\" data-element_type=\"widget\" data-settings=\"{&quot;_animation&quot;:&quot;fadeInUp&quot;}\" data-widget_type=\"heading.default\">\n\t\t\t\t<div class=\"elementor-widget-container\">\n\t\t\t\t\t<h2 class=\"elementor-heading-title elementor-size-medium\">\u00c0 PROPOS DE NOUS<\/h2>\t\t\t\t<\/div>\n\t\t\t\t<\/div>\n\t\t\t\t<\/div>\n\t\t<div class=\"elementor-element elementor-element-46b33e5 e-flex e-con-boxed e-con e-parent\" data-id=\"46b33e5\" data-element_type=\"container\">\n\t\t\t\t\t<div class=\"e-con-inner\">\n\t\t\t\t<div class=\"elementor-element elementor-element-434fe79 elementor-widget__width-initial elementor-widget-mobile__width-initial animated-slow elementor-invisible elementor-widget elementor-widget-image\" data-id=\"434fe79\" data-element_type=\"widget\" data-settings=\"{&quot;_animation&quot;:&quot;fadeInUp&quot;}\" data-widget_type=\"image.default\">\n\t\t\t\t<div class=\"elementor-widget-container\">\n\t\t\t\t\t\t\t\t\t\t\t\t\t\t\t<img fetchpriority=\"high\" decoding=\"async\" width=\"1024\" height=\"212\" src=\"https:\/\/agirindonesie.com\/wp-content\/uploads\/2023\/11\/logo-ai-5-1024x212.png\" class=\"attachment-large size-large wp-image-1780\" alt=\"\" srcset=\"https:\/\/agirindonesie.com\/wp-content\/uploads\/2023\/11\/logo-ai-5-1024x212.png 1024w, https:\/\/agirindonesie.com\/wp-content\/uploads\/2023\/11\/logo-ai-5-300x62.png 300w, https:\/\/agirindonesie.com\/wp-content\/uploads\/2023\/11\/logo-ai-5-768x159.png 768w, https:\/\/agirindonesie.com\/wp-content\/uploads\/2023\/11\/logo-ai-5-1536x318.png 1536w, https:\/\/agirindonesie.com\/wp-content\/uploads\/2023\/11\/logo-ai-5-2048x424.png 2048w\" sizes=\"(max-width: 1024px) 100vw, 1024px\" \/>\t\t\t\t\t\t\t\t\t\t\t\t\t\t\t<\/div>\n\t\t\t\t<\/div>\n\t\t\t\t\t<\/div>\n\t\t\t\t<\/div>\n\t\t<div class=\"elementor-element elementor-element-7b3c23e animated-slow e-flex e-con-boxed elementor-invisible e-con e-parent\" data-id=\"7b3c23e\" data-element_type=\"container\" data-settings=\"{&quot;animation&quot;:&quot;fadeInUp&quot;}\">\n\t\t\t\t\t<div class=\"e-con-inner\">\n\t\t\t\t<div class=\"elementor-element elementor-element-73f8ba2 elementor-widget__width-initial elementor-widget elementor-widget-spacer\" data-id=\"73f8ba2\" data-element_type=\"widget\" data-widget_type=\"spacer.default\">\n\t\t\t\t<div class=\"elementor-widget-container\">\n\t\t\t\t\t\t\t<div class=\"elementor-spacer\">\n\t\t\t<div class=\"elementor-spacer-inner\"><\/div>\n\t\t<\/div>\n\t\t\t\t\t\t<\/div>\n\t\t\t\t<\/div>\n\t\t\t\t\t<\/div>\n\t\t\t\t<\/div>\n\t\t<div class=\"elementor-element elementor-element-b9c7435 animated-slow e-flex e-con-boxed elementor-invisible e-con e-parent\" data-id=\"b9c7435\" data-element_type=\"container\" data-settings=\"{&quot;animation&quot;:&quot;fadeInUp&quot;}\">\n\t\t\t\t\t<div class=\"e-con-inner\">\n\t\t<div class=\"elementor-element elementor-element-c5ad164 e-con-full e-flex e-con e-child\" data-id=\"c5ad164\" data-element_type=\"container\">\n\t\t\t\t<div class=\"elementor-element elementor-element-bf385cf elementor-widget__width-initial elementor-widget elementor-widget-counter\" data-id=\"bf385cf\" data-element_type=\"widget\" data-widget_type=\"counter.default\">\n\t\t\t\t<div class=\"elementor-widget-container\">\n\t\t\t\t\t\t\t<div class=\"elementor-counter\">\n\t\t\t<div class=\"elementor-counter-title\">ANN\u00c9ES D'EXP\u00c9RIENCE<\/div>\t\t\t<div class=\"elementor-counter-number-wrapper\">\n\t\t\t\t<span class=\"elementor-counter-number-prefix\"><\/span>\n\t\t\t\t<span class=\"elementor-counter-number\" data-duration=\"2000\" data-to-value=\"4\" data-from-value=\"0\" data-delimiter=\",\">0<\/span>\n\t\t\t\t<span class=\"elementor-counter-number-suffix\">+<\/span>\n\t\t\t<\/div>\n\t\t<\/div>\n\t\t\t\t\t\t<\/div>\n\t\t\t\t<\/div>\n\t\t\t\t<\/div>\n\t\t<div class=\"elementor-element elementor-element-250703a e-con-full e-flex e-con e-child\" data-id=\"250703a\" data-element_type=\"container\">\n\t\t\t\t<div class=\"elementor-element elementor-element-e54bcf4 elementor-widget__width-initial elementor-widget elementor-widget-counter\" data-id=\"e54bcf4\" data-element_type=\"widget\" data-widget_type=\"counter.default\">\n\t\t\t\t<div class=\"elementor-widget-container\">\n\t\t\t\t\t\t\t<div class=\"elementor-counter\">\n\t\t\t<div class=\"elementor-counter-title\">ACCORD DE PARTENARIAT AVEC LES H\u00d4TELS ET RESTAURANTS<\/div>\t\t\t<div class=\"elementor-counter-number-wrapper\">\n\t\t\t\t<span class=\"elementor-counter-number-prefix\"><\/span>\n\t\t\t\t<span class=\"elementor-counter-number\" data-duration=\"2000\" data-to-value=\"20\" data-from-value=\"0\" data-delimiter=\",\">0<\/span>\n\t\t\t\t<span class=\"elementor-counter-number-suffix\">+<\/span>\n\t\t\t<\/div>\n\t\t<\/div>\n\t\t\t\t\t\t<\/div>\n\t\t\t\t<\/div>\n\t\t\t\t<\/div>\n\t\t<div class=\"elementor-element elementor-element-6198db5 e-con-full e-flex e-con e-child\" data-id=\"6198db5\" data-element_type=\"container\">\n\t\t\t\t<div class=\"elementor-element elementor-element-1a9f744 elementor-widget__width-initial elementor-widget elementor-widget-counter\" data-id=\"1a9f744\" data-element_type=\"widget\" data-widget_type=\"counter.default\">\n\t\t\t\t<div class=\"elementor-widget-container\">\n\t\t\t\t\t\t\t<div class=\"elementor-counter\">\n\t\t\t<div class=\"elementor-counter-title\">CANDIDATS<\/div>\t\t\t<div class=\"elementor-counter-number-wrapper\">\n\t\t\t\t<span class=\"elementor-counter-number-prefix\"><\/span>\n\t\t\t\t<span class=\"elementor-counter-number\" data-duration=\"2000\" data-to-value=\"200\" data-from-value=\"0\" data-delimiter=\",\">0<\/span>\n\t\t\t\t<span class=\"elementor-counter-number-suffix\">+<\/span>\n\t\t\t<\/div>\n\t\t<\/div>\n\t\t\t\t\t\t<\/div>\n\t\t\t\t<\/div>\n\t\t\t\t<\/div>\n\t\t\t\t\t<\/div>\n\t\t\t\t<\/div>\n\t\t<div class=\"elementor-element elementor-element-7665899 e-con-full e-flex e-con e-parent\" data-id=\"7665899\" data-element_type=\"container\">\n\t\t\t\t<div class=\"elementor-element elementor-element-ff3591d elementor-arrows-position-outside elementor-widget__width-initial elementor-widget-mobile__width-initial animated-slow elementor-invisible elementor-widget elementor-widget-image-carousel\" data-id=\"ff3591d\" data-element_type=\"widget\" data-settings=\"{&quot;slides_to_show&quot;:&quot;1&quot;,&quot;autoplay&quot;:&quot;no&quot;,&quot;effect&quot;:&quot;fade&quot;,&quot;_animation&quot;:&quot;fadeInUp&quot;,&quot;navigation&quot;:&quot;arrows&quot;,&quot;infinite&quot;:&quot;yes&quot;,&quot;speed&quot;:500}\" data-widget_type=\"image-carousel.default\">\n\t\t\t\t<div class=\"elementor-widget-container\">\n\t\t\t\t\t\t\t<div class=\"elementor-image-carousel-wrapper swiper\" role=\"region\" aria-roledescription=\"carousel\" aria-label=\"Carrousel d\u2019images\" dir=\"ltr\">\n\t\t\t<div class=\"elementor-image-carousel swiper-wrapper\" aria-live=\"polite\">\n\t\t\t\t\t\t\t\t<div class=\"swiper-slide\" role=\"group\" aria-roledescription=\"slide\" aria-label=\"1 sur 3\"><figure class=\"swiper-slide-inner\"><img decoding=\"async\" class=\"swiper-slide-image\" src=\"https:\/\/agirindonesie.com\/wp-content\/uploads\/elementor\/thumbs\/Snapinsta.app_330705515_725718722421211_5763233686462965121_n_1080-e1701690382853-qgbbx8idrtpx8m1h4hutjvrz5vjw3znmcmmi1lgcga.jpg\" alt=\"Snapinsta.app_330705515_725718722421211_5763233686462965121_n_1080\" \/><\/figure><\/div><div class=\"swiper-slide\" role=\"group\" aria-roledescription=\"slide\" aria-label=\"2 sur 3\"><figure class=\"swiper-slide-inner\"><img decoding=\"async\" class=\"swiper-slide-image\" src=\"https:\/\/agirindonesie.com\/wp-content\/uploads\/elementor\/thumbs\/396688558_850243503771384_6833844790097949467_n-e1701690347161-qgbbwbm14mgvy9d9glmvmm2ude21ml10k3si8wt4i2.jpg\" alt=\"396688558_850243503771384_6833844790097949467_n\" \/><\/figure><\/div><div class=\"swiper-slide\" role=\"group\" aria-roledescription=\"slide\" aria-label=\"3 sur 3\"><figure class=\"swiper-slide-inner\"><img decoding=\"async\" class=\"swiper-slide-image\" src=\"https:\/\/agirindonesie.com\/wp-content\/uploads\/elementor\/thumbs\/362633968_778665834262485_1578386660150785453_n-e1701689559573-qgbbbqx7j6axtj95lpgv1szm9rgt53cj29pw2vbcp6.jpg\" alt=\"362633968_778665834262485_1578386660150785453_n\" \/><\/figure><\/div>\t\t\t<\/div>\n\t\t\t\t\t\t\t\t\t\t\t\t<div class=\"elementor-swiper-button elementor-swiper-button-prev\" role=\"button\" tabindex=\"0\">\n\t\t\t\t\t\t<svg aria-hidden=\"true\" class=\"e-font-icon-svg e-eicon-chevron-left\" viewbox=\"0 0 1000 1000\" xmlns=\"http:\/\/www.w3.org\/2000\/svg\"><path d=\"M646 125C629 125 613 133 604 142L308 442C296 454 292 471 292 487 292 504 296 521 308 533L604 854C617 867 629 875 646 875 663 875 679 871 692 858 704 846 713 829 713 812 713 796 708 779 692 767L438 487 692 225C700 217 708 204 708 187 708 171 704 154 692 142 675 129 663 125 646 125Z\"><\/path><\/svg>\t\t\t\t\t<\/div>\n\t\t\t\t\t<div class=\"elementor-swiper-button elementor-swiper-button-next\" role=\"button\" tabindex=\"0\">\n\t\t\t\t\t\t<svg aria-hidden=\"true\" class=\"e-font-icon-svg e-eicon-chevron-right\" viewbox=\"0 0 1000 1000\" xmlns=\"http:\/\/www.w3.org\/2000\/svg\"><path d=\"M696 533C708 521 713 504 713 487 713 471 708 454 696 446L400 146C388 133 375 125 354 125 338 125 325 129 313 142 300 154 292 171 292 187 292 204 296 221 308 233L563 492 304 771C292 783 288 800 288 817 288 833 296 850 308 863 321 871 338 875 354 875 371 875 388 867 400 854L696 533Z\"><\/path><\/svg>\t\t\t\t\t<\/div>\n\t\t\t\t\n\t\t\t\t\t\t\t\t\t<\/div>\n\t\t\t\t\t\t<\/div>\n\t\t\t\t<\/div>\n\t\t\t\t<\/div>\n\t\t<div class=\"elementor-element elementor-element-51c5ba8 e-con-full e-flex e-con e-parent\" data-id=\"51c5ba8\" data-element_type=\"container\">\n\t\t\t\t<div class=\"elementor-element elementor-element-f2a905c elementor-widget-mobile__width-initial elementor-widget__width-initial animated-slow elementor-invisible elementor-widget elementor-widget-text-editor\" data-id=\"f2a905c\" data-element_type=\"widget\" data-settings=\"{&quot;_animation&quot;:&quot;fadeInUp&quot;}\" data-widget_type=\"text-editor.default\">\n\t\t\t\t<div class=\"elementor-widget-container\">\n\t\t\t\t\t\t\t\t\t<p>Cr\u00e9\u00e9 tr\u00e8s r\u00e9cemment pour pallier la p\u00e9nurie de main-d'\u0153uvre \u00e0 la suite de la crise mondiale de la Covid pour les emplois saisonniers des travailleurs \u00e9trangers dans le secteur de l'h\u00f4tellerie et de la restauration en France.<\/p><p>Chez Agir Indon\u00e9sie, nous maintenons des relations de partenariat qui vont de pair avec le respect mutuel, le souci d'\u00e9quit\u00e9 et la confiance. Nous prenons le temps de comprendre vos besoins sp\u00e9cifiques, votre culture d'entreprise et vos exigences professionnelles particuli\u00e8res afin de vous pr\u00e9senter exactement le type de candidat dont vous avez besoin. Nos relations avec nos clients sont bas\u00e9es sur la confiance, la discr\u00e9tion et la confidentialit\u00e9. Nous nous concentrons et nous nous consacrons enti\u00e8rement \u00e0 la r\u00e9ussite \u00e0 long terme de nos clients.<\/p><p>La satisfaction de nos clients, tant employ\u00e9s qu'employeurs, est la base fondamentale de notre travail et nous ne pr\u00e9tendons pas \u00eatre en mesure de pourvoir tous les emplois qui nous sont mentionn\u00e9s, ni de trouver un emploi pour tous nos candidats, mais nous pouvons vous assurer que nous ferons toujours de notre mieux pour satisfaire vos besoins particuliers.<\/p>\t\t\t\t\t\t\t\t<\/div>\n\t\t\t\t<\/div>\n\t\t\t\t<\/div>\n\t\t\t\t<\/div>","protected":false},"excerpt":{"rendered":"<p>ABOUT US 0 + YEARS EXPERIENCE 0 + HOTEL AND RESTAURANT PARTNERSHIP AGREEMENT 0 + CANDIDATES Created very recently to fill the labor shortage following the global Covid crisis for seasonal jobs to foreign workers in the hospitality industry in France. At Agir Indonesie, we maintain partnership relation that go hand in hand with mutual [&hellip;]<\/p>","protected":false},"author":1,"featured_media":0,"parent":0,"menu_order":0,"comment_status":"closed","ping_status":"closed","template":"elementor_header_footer","meta":{"footnotes":""},"class_list":["post-169","page","type-page","status-publish","hentry"],"blocksy_meta":{"disable_featured_image":"yes","disable_share_box":"yes","disable_header":"yes","disable_footer":"yes","page_structure_type":"type-3","styles_descriptor":{"styles":{"desktop":"","tablet":"","mobile":""},"google_fonts":[],"version":6}},"_links":{"self":[{"href":"https:\/\/agirindonesie.com\/fr\/wp-json\/wp\/v2\/pages\/169","targetHints":{"allow":["GET"]}}],"collection":[{"href":"https:\/\/agirindonesie.com\/fr\/wp-json\/wp\/v2\/pages"}],"about":[{"href":"https:\/\/agirindonesie.com\/fr\/wp-json\/wp\/v2\/types\/page"}],"author":[{"embeddable":true,"href":"https:\/\/agirindonesie.com\/fr\/wp-json\/wp\/v2\/users\/1"}],"replies":[{"embeddable":true,"href":"https:\/\/agirindonesie.com\/fr\/wp-json\/wp\/v2\/comments?post=169"}],"version-history":[{"count":127,"href":"https:\/\/agirindonesie.com\/fr\/wp-json\/wp\/v2\/pages\/169\/revisions"}],"predecessor-version":[{"id":3410,"href":"https:\/\/agirindonesie.com\/fr\/wp-json\/wp\/v2\/pages\/169\/revisions\/3410"}],"wp:attachment":[{"href":"https:\/\/agirindonesie.com\/fr\/wp-json\/wp\/v2\/media?parent=169"}],"curies":[{"name":"wp","href":"https:\/\/api.w.org\/{rel}","templated":true}]}}